{"id":58100,"date":"2025-05-29T17:50:15","date_gmt":"2025-05-29T20:50:15","guid":{"rendered":"https:\/\/deyelstage.wpenginepowered.com\/?page_id=58100"},"modified":"2025-05-30T16:56:45","modified_gmt":"2025-05-30T19:56:45","slug":"obtenha-aplicativos-80-mais-rapido","status":"publish","type":"page","link":"https:\/\/www.deyel.com\/pt-br\/obtenha-aplicativos-80-mais-rapido\/","title":{"rendered":"Obtenha aplicativos  80% mais r\u00e1pido"},"content":{"rendered":"","protected":false},"excerpt":{"rendered":"","protected":false},"author":3743,"featured_media":56915,"parent":0,"menu_order":0,"comment_status":"closed","ping_status":"closed","template":"","meta":{"footnotes":""},"class_list":["post-58100","page","type-page","status-publish","has-post-thumbnail","hentry"],"acf":[],"yoast_head":"<!-- This site is optimized with the Yoast SEO plugin v27.1.1 - https:\/\/yoast.com\/product\/yoast-seo-wordpress\/ -->\n<title>Obtenha aplicativos 80% mais r\u00e1pido<\/title>\n<meta name=\"description\" content=\"Resolva os principais desafios da sua empresa implementando a solu\u00e7\u00e3o l\u00edder de mercado em low code - no code. Agilize a gest\u00e3o de processos internos, otimize o trabalho dos colaboradores e melhore a satisfa\u00e7\u00e3o do cliente.\" \/>\n<meta name=\"robots\" content=\"index, follow, max-snippet:-1, max-image-preview:large, max-video-preview:-1\" \/>\n<link rel=\"canonical\" href=\"https:\/\/www.deyel.com\/pt-br\/obtenha-aplicativos-80-mais-rapido\/\" \/>\n<meta property=\"og:locale\" content=\"pt_BR\" \/>\n<meta property=\"og:type\" content=\"article\" \/>\n<meta property=\"og:title\" content=\"Obtenha aplicativos 80% mais r\u00e1pido\" \/>\n<meta property=\"og:description\" content=\"Resolva os principais desafios da sua empresa implementando a solu\u00e7\u00e3o l\u00edder de mercado em low code - no code. Agilize a gest\u00e3o de processos internos, otimize o trabalho dos colaboradores e melhore a satisfa\u00e7\u00e3o do cliente.\" \/>\n<meta property=\"og:url\" content=\"https:\/\/www.deyel.com\/pt-br\/obtenha-aplicativos-80-mais-rapido\/\" \/>\n<meta property=\"og:site_name\" content=\"Deyel\" \/>\n<meta property=\"article:publisher\" content=\"https:\/\/www.facebook.com\/deyelplatform\" \/>\n<meta property=\"article:modified_time\" content=\"2025-05-30T19:56:45+00:00\" \/>\n<meta property=\"og:image\" content=\"https:\/\/www.deyel.com\/wp-content\/uploads\/2024\/10\/img-1_tab1.webp\" \/>\n\t<meta property=\"og:image:width\" content=\"900\" \/>\n\t<meta property=\"og:image:height\" content=\"600\" \/>\n\t<meta property=\"og:image:type\" content=\"image\/webp\" \/>\n<meta name=\"twitter:card\" content=\"summary_large_image\" \/>\n<meta name=\"twitter:site\" content=\"@deyelplatform\" \/>\n<script type=\"application\/ld+json\" class=\"yoast-schema-graph\">{\"@context\":\"https:\/\/schema.org\",\"@graph\":[{\"@type\":\"WebPage\",\"@id\":\"https:\/\/www.deyel.com\/pt-br\/obtenha-aplicativos-80-mais-rapido\/\",\"url\":\"https:\/\/www.deyel.com\/pt-br\/obtenha-aplicativos-80-mais-rapido\/\",\"name\":\"Obtenha aplicativos 80% mais r\u00e1pido\",\"isPartOf\":{\"@id\":\"https:\/\/www.deyel.com\/pt-br\/#website\"},\"primaryImageOfPage\":{\"@id\":\"https:\/\/www.deyel.com\/pt-br\/obtenha-aplicativos-80-mais-rapido\/#primaryimage\"},\"image\":{\"@id\":\"https:\/\/www.deyel.com\/pt-br\/obtenha-aplicativos-80-mais-rapido\/#primaryimage\"},\"thumbnailUrl\":\"https:\/\/www.deyel.com\/wp-content\/uploads\/2024\/10\/img-1_tab1.webp\",\"datePublished\":\"2025-05-29T20:50:15+00:00\",\"dateModified\":\"2025-05-30T19:56:45+00:00\",\"description\":\"Resolva os principais desafios da sua empresa implementando a solu\u00e7\u00e3o l\u00edder de mercado em low code - no code. Agilize a gest\u00e3o de processos internos, otimize o trabalho dos colaboradores e melhore a satisfa\u00e7\u00e3o do cliente.\",\"breadcrumb\":{\"@id\":\"https:\/\/www.deyel.com\/pt-br\/obtenha-aplicativos-80-mais-rapido\/#breadcrumb\"},\"inLanguage\":\"pt-BR\",\"potentialAction\":[{\"@type\":\"ReadAction\",\"target\":[\"https:\/\/www.deyel.com\/pt-br\/obtenha-aplicativos-80-mais-rapido\/\"]}]},{\"@type\":\"ImageObject\",\"inLanguage\":\"pt-BR\",\"@id\":\"https:\/\/www.deyel.com\/pt-br\/obtenha-aplicativos-80-mais-rapido\/#primaryimage\",\"url\":\"https:\/\/www.deyel.com\/wp-content\/uploads\/2024\/10\/img-1_tab1.webp\",\"contentUrl\":\"https:\/\/www.deyel.com\/wp-content\/uploads\/2024\/10\/img-1_tab1.webp\",\"width\":900,\"height\":600},{\"@type\":\"BreadcrumbList\",\"@id\":\"https:\/\/www.deyel.com\/pt-br\/obtenha-aplicativos-80-mais-rapido\/#breadcrumb\",\"itemListElement\":[{\"@type\":\"ListItem\",\"position\":1,\"name\":\"Home\",\"item\":\"https:\/\/www.deyel.com\/pt-br\/\"},{\"@type\":\"ListItem\",\"position\":2,\"name\":\"Obtenha aplicativos 80% mais r\u00e1pido\"}]},{\"@type\":\"WebSite\",\"@id\":\"https:\/\/www.deyel.com\/pt-br\/#website\",\"url\":\"https:\/\/www.deyel.com\/pt-br\/\",\"name\":\"Deyel\",\"description\":\"Deyel es una Low Code application platform (Lcap\/NoCap) que te permite construir tus aplicaciones en un entorno seguro.\",\"publisher\":{\"@id\":\"https:\/\/www.deyel.com\/pt-br\/#organization\"},\"potentialAction\":[{\"@type\":\"SearchAction\",\"target\":{\"@type\":\"EntryPoint\",\"urlTemplate\":\"https:\/\/www.deyel.com\/pt-br\/?s={search_term_string}\"},\"query-input\":{\"@type\":\"PropertyValueSpecification\",\"valueRequired\":true,\"valueName\":\"search_term_string\"}}],\"inLanguage\":\"pt-BR\"},{\"@type\":\"Organization\",\"@id\":\"https:\/\/www.deyel.com\/pt-br\/#organization\",\"name\":\"Optaris\",\"url\":\"https:\/\/www.deyel.com\/pt-br\/\",\"logo\":{\"@type\":\"ImageObject\",\"inLanguage\":\"pt-BR\",\"@id\":\"https:\/\/www.deyel.com\/pt-br\/#\/schema\/logo\/image\/\",\"url\":\"https:\/\/www.deyel.com\/wp-content\/uploads\/2022\/01\/optaris-logo.png\",\"contentUrl\":\"https:\/\/www.deyel.com\/wp-content\/uploads\/2022\/01\/optaris-logo.png\",\"width\":800,\"height\":164,\"caption\":\"Optaris\"},\"image\":{\"@id\":\"https:\/\/www.deyel.com\/pt-br\/#\/schema\/logo\/image\/\"},\"sameAs\":[\"https:\/\/www.facebook.com\/deyelplatform\",\"https:\/\/x.com\/deyelplatform\",\"https:\/\/www.linkedin.com\/showcase\/deyel\/\",\"https:\/\/www.youtube.com\/channel\/UCaYPJCvwQKSStOCJ-caxRqQ\"]}]}<\/script>\n<!-- \/ Yoast SEO plugin. -->","yoast_head_json":{"title":"Obtenha aplicativos 80% mais r\u00e1pido","description":"Resolva os principais desafios da sua empresa implementando a solu\u00e7\u00e3o l\u00edder de mercado em low code - no code. Agilize a gest\u00e3o de processos internos, otimize o trabalho dos colaboradores e melhore a satisfa\u00e7\u00e3o do cliente.","robots":{"index":"index","follow":"follow","max-snippet":"max-snippet:-1","max-image-preview":"max-image-preview:large","max-video-preview":"max-video-preview:-1"},"canonical":"https:\/\/www.deyel.com\/pt-br\/obtenha-aplicativos-80-mais-rapido\/","og_locale":"pt_BR","og_type":"article","og_title":"Obtenha aplicativos 80% mais r\u00e1pido","og_description":"Resolva os principais desafios da sua empresa implementando a solu\u00e7\u00e3o l\u00edder de mercado em low code - no code. Agilize a gest\u00e3o de processos internos, otimize o trabalho dos colaboradores e melhore a satisfa\u00e7\u00e3o do cliente.","og_url":"https:\/\/www.deyel.com\/pt-br\/obtenha-aplicativos-80-mais-rapido\/","og_site_name":"Deyel","article_publisher":"https:\/\/www.facebook.com\/deyelplatform","article_modified_time":"2025-05-30T19:56:45+00:00","og_image":[{"width":900,"height":600,"url":"https:\/\/www.deyel.com\/wp-content\/uploads\/2024\/10\/img-1_tab1.webp","type":"image\/webp"}],"twitter_card":"summary_large_image","twitter_site":"@deyelplatform","schema":{"@context":"https:\/\/schema.org","@graph":[{"@type":"WebPage","@id":"https:\/\/www.deyel.com\/pt-br\/obtenha-aplicativos-80-mais-rapido\/","url":"https:\/\/www.deyel.com\/pt-br\/obtenha-aplicativos-80-mais-rapido\/","name":"Obtenha aplicativos 80% mais r\u00e1pido","isPartOf":{"@id":"https:\/\/www.deyel.com\/pt-br\/#website"},"primaryImageOfPage":{"@id":"https:\/\/www.deyel.com\/pt-br\/obtenha-aplicativos-80-mais-rapido\/#primaryimage"},"image":{"@id":"https:\/\/www.deyel.com\/pt-br\/obtenha-aplicativos-80-mais-rapido\/#primaryimage"},"thumbnailUrl":"https:\/\/www.deyel.com\/wp-content\/uploads\/2024\/10\/img-1_tab1.webp","datePublished":"2025-05-29T20:50:15+00:00","dateModified":"2025-05-30T19:56:45+00:00","description":"Resolva os principais desafios da sua empresa implementando a solu\u00e7\u00e3o l\u00edder de mercado em low code - no code. Agilize a gest\u00e3o de processos internos, otimize o trabalho dos colaboradores e melhore a satisfa\u00e7\u00e3o do cliente.","breadcrumb":{"@id":"https:\/\/www.deyel.com\/pt-br\/obtenha-aplicativos-80-mais-rapido\/#breadcrumb"},"inLanguage":"pt-BR","potentialAction":[{"@type":"ReadAction","target":["https:\/\/www.deyel.com\/pt-br\/obtenha-aplicativos-80-mais-rapido\/"]}]},{"@type":"ImageObject","inLanguage":"pt-BR","@id":"https:\/\/www.deyel.com\/pt-br\/obtenha-aplicativos-80-mais-rapido\/#primaryimage","url":"https:\/\/www.deyel.com\/wp-content\/uploads\/2024\/10\/img-1_tab1.webp","contentUrl":"https:\/\/www.deyel.com\/wp-content\/uploads\/2024\/10\/img-1_tab1.webp","width":900,"height":600},{"@type":"BreadcrumbList","@id":"https:\/\/www.deyel.com\/pt-br\/obtenha-aplicativos-80-mais-rapido\/#breadcrumb","itemListElement":[{"@type":"ListItem","position":1,"name":"Home","item":"https:\/\/www.deyel.com\/pt-br\/"},{"@type":"ListItem","position":2,"name":"Obtenha aplicativos 80% mais r\u00e1pido"}]},{"@type":"WebSite","@id":"https:\/\/www.deyel.com\/pt-br\/#website","url":"https:\/\/www.deyel.com\/pt-br\/","name":"Deyel","description":"Deyel es una Low Code application platform (Lcap\/NoCap) que te permite construir tus aplicaciones en un entorno seguro.","publisher":{"@id":"https:\/\/www.deyel.com\/pt-br\/#organization"},"potentialAction":[{"@type":"SearchAction","target":{"@type":"EntryPoint","urlTemplate":"https:\/\/www.deyel.com\/pt-br\/?s={search_term_string}"},"query-input":{"@type":"PropertyValueSpecification","valueRequired":true,"valueName":"search_term_string"}}],"inLanguage":"pt-BR"},{"@type":"Organization","@id":"https:\/\/www.deyel.com\/pt-br\/#organization","name":"Optaris","url":"https:\/\/www.deyel.com\/pt-br\/","logo":{"@type":"ImageObject","inLanguage":"pt-BR","@id":"https:\/\/www.deyel.com\/pt-br\/#\/schema\/logo\/image\/","url":"https:\/\/www.deyel.com\/wp-content\/uploads\/2022\/01\/optaris-logo.png","contentUrl":"https:\/\/www.deyel.com\/wp-content\/uploads\/2022\/01\/optaris-logo.png","width":800,"height":164,"caption":"Optaris"},"image":{"@id":"https:\/\/www.deyel.com\/pt-br\/#\/schema\/logo\/image\/"},"sameAs":["https:\/\/www.facebook.com\/deyelplatform","https:\/\/x.com\/deyelplatform","https:\/\/www.linkedin.com\/showcase\/deyel\/","https:\/\/www.youtube.com\/channel\/UCaYPJCvwQKSStOCJ-caxRqQ"]}]}},"_links":{"self":[{"href":"https:\/\/www.deyel.com\/pt-br\/wp-json\/wp\/v2\/pages\/58100","targetHints":{"allow":["GET"]}}],"collection":[{"href":"https:\/\/www.deyel.com\/pt-br\/wp-json\/wp\/v2\/pages"}],"about":[{"href":"https:\/\/www.deyel.com\/pt-br\/wp-json\/wp\/v2\/types\/page"}],"author":[{"embeddable":true,"href":"https:\/\/www.deyel.com\/pt-br\/wp-json\/wp\/v2\/users\/3743"}],"replies":[{"embeddable":true,"href":"https:\/\/www.deyel.com\/pt-br\/wp-json\/wp\/v2\/comments?post=58100"}],"version-history":[{"count":0,"href":"https:\/\/www.deyel.com\/pt-br\/wp-json\/wp\/v2\/pages\/58100\/revisions"}],"wp:featuredmedia":[{"embeddable":true,"href":"https:\/\/www.deyel.com\/pt-br\/wp-json\/wp\/v2\/media\/56915"}],"wp:attachment":[{"href":"https:\/\/www.deyel.com\/pt-br\/wp-json\/wp\/v2\/media?parent=58100"}],"curies":[{"name":"wp","href":"https:\/\/api.w.org\/{rel}","templated":true}]}}