{"id":55709,"date":"2024-07-31T16:39:16","date_gmt":"2024-07-31T19:39:16","guid":{"rendered":"https:\/\/deyelstage.wpenginepowered.com\/capacitacion-fases\/fase-6-automacao-e-integracao\/"},"modified":"2024-08-23T12:03:12","modified_gmt":"2024-08-23T15:03:12","slug":"fase-6-automacao-e-integracao","status":"publish","type":"page","link":"https:\/\/www.deyel.com\/pt-br\/capacitacion-fases\/fase-6-automacao-e-integracao\/","title":{"rendered":"Fase 6:  Automa\u00e7\u00e3o e Integra\u00e7\u00e3o"},"content":{"rendered":"","protected":false},"excerpt":{"rendered":"","protected":false},"author":312,"featured_media":0,"parent":37340,"menu_order":0,"comment_status":"closed","ping_status":"closed","template":"","meta":{"footnotes":""},"class_list":["post-55709","page","type-page","status-publish","hentry"],"acf":[],"yoast_head":"<!-- This site is optimized with the Yoast SEO plugin v27.1.1 - https:\/\/yoast.com\/product\/yoast-seo-wordpress\/ -->\n<title>Deyel - Fase 6: Automa\u00e7\u00e3o e Integra\u00e7\u00e3o<\/title>\n<meta name=\"description\" content=\"Na Deyel, o comportamento dos processos \u00e9 definido atrav\u00e9s de regras de neg\u00f3cio. As regras podem ser utilizadas em valida\u00e7\u00f5es, em l\u00f3gicas de neg\u00f3cio espec\u00edficas, controle de fluxos de processos, integra\u00e7\u00e3o com outros aplicativos, etc.\" \/>\n<meta name=\"robots\" content=\"index, follow, max-snippet:-1, max-image-preview:large, max-video-preview:-1\" \/>\n<link rel=\"canonical\" href=\"https:\/\/www.deyel.com\/pt-br\/capacitacion-fases\/fase-6-automacao-e-integracao\/\" \/>\n<meta property=\"og:locale\" content=\"pt_BR\" \/>\n<meta property=\"og:type\" content=\"article\" \/>\n<meta property=\"og:title\" content=\"Deyel - Fase 6: Automa\u00e7\u00e3o e Integra\u00e7\u00e3o\" \/>\n<meta property=\"og:description\" content=\"Na Deyel, o comportamento dos processos \u00e9 definido atrav\u00e9s de regras de neg\u00f3cio. As regras podem ser utilizadas em valida\u00e7\u00f5es, em l\u00f3gicas de neg\u00f3cio espec\u00edficas, controle de fluxos de processos, integra\u00e7\u00e3o com outros aplicativos, etc.\" \/>\n<meta property=\"og:url\" content=\"https:\/\/www.deyel.com\/pt-br\/capacitacion-fases\/fase-6-automacao-e-integracao\/\" \/>\n<meta property=\"og:site_name\" content=\"Deyel\" \/>\n<meta property=\"article:publisher\" content=\"https:\/\/www.facebook.com\/deyelplatform\" \/>\n<meta property=\"article:modified_time\" content=\"2024-08-23T15:03:12+00:00\" \/>\n<meta name=\"twitter:card\" content=\"summary_large_image\" \/>\n<meta name=\"twitter:site\" content=\"@deyelplatform\" \/>\n<script type=\"application\/ld+json\" class=\"yoast-schema-graph\">{\"@context\":\"https:\/\/schema.org\",\"@graph\":[{\"@type\":\"WebPage\",\"@id\":\"https:\/\/www.deyel.com\/pt-br\/capacitacion-fases\/fase-6-automacao-e-integracao\/\",\"url\":\"https:\/\/www.deyel.com\/pt-br\/capacitacion-fases\/fase-6-automacao-e-integracao\/\",\"name\":\"Deyel - Fase 6: Automa\u00e7\u00e3o e Integra\u00e7\u00e3o\",\"isPartOf\":{\"@id\":\"https:\/\/www.deyel.com\/pt-br\/#website\"},\"datePublished\":\"2024-07-31T19:39:16+00:00\",\"dateModified\":\"2024-08-23T15:03:12+00:00\",\"description\":\"Na Deyel, o comportamento dos processos \u00e9 definido atrav\u00e9s de regras de neg\u00f3cio. As regras podem ser utilizadas em valida\u00e7\u00f5es, em l\u00f3gicas de neg\u00f3cio espec\u00edficas, controle de fluxos de processos, integra\u00e7\u00e3o com outros aplicativos, etc.\",\"breadcrumb\":{\"@id\":\"https:\/\/www.deyel.com\/pt-br\/capacitacion-fases\/fase-6-automacao-e-integracao\/#breadcrumb\"},\"inLanguage\":\"pt-BR\",\"potentialAction\":[{\"@type\":\"ReadAction\",\"target\":[\"https:\/\/www.deyel.com\/pt-br\/capacitacion-fases\/fase-6-automacao-e-integracao\/\"]}]},{\"@type\":\"BreadcrumbList\",\"@id\":\"https:\/\/www.deyel.com\/pt-br\/capacitacion-fases\/fase-6-automacao-e-integracao\/#breadcrumb\",\"itemListElement\":[{\"@type\":\"ListItem\",\"position\":1,\"name\":\"Home\",\"item\":\"https:\/\/www.deyel.com\/pt-br\/\"},{\"@type\":\"ListItem\",\"position\":2,\"name\":\"Capacitaci\u00f3n &#8211; Fases\",\"item\":\"https:\/\/www.deyel.com\/pt-br\/capacitacion-fases\/\"},{\"@type\":\"ListItem\",\"position\":3,\"name\":\"Fase 6: Automa\u00e7\u00e3o e Integra\u00e7\u00e3o\"}]},{\"@type\":\"WebSite\",\"@id\":\"https:\/\/www.deyel.com\/pt-br\/#website\",\"url\":\"https:\/\/www.deyel.com\/pt-br\/\",\"name\":\"Deyel\",\"description\":\"Deyel es una Low Code application platform (Lcap\/NoCap) que te permite construir tus aplicaciones en un entorno seguro.\",\"publisher\":{\"@id\":\"https:\/\/www.deyel.com\/pt-br\/#organization\"},\"potentialAction\":[{\"@type\":\"SearchAction\",\"target\":{\"@type\":\"EntryPoint\",\"urlTemplate\":\"https:\/\/www.deyel.com\/pt-br\/?s={search_term_string}\"},\"query-input\":{\"@type\":\"PropertyValueSpecification\",\"valueRequired\":true,\"valueName\":\"search_term_string\"}}],\"inLanguage\":\"pt-BR\"},{\"@type\":\"Organization\",\"@id\":\"https:\/\/www.deyel.com\/pt-br\/#organization\",\"name\":\"Optaris\",\"url\":\"https:\/\/www.deyel.com\/pt-br\/\",\"logo\":{\"@type\":\"ImageObject\",\"inLanguage\":\"pt-BR\",\"@id\":\"https:\/\/www.deyel.com\/pt-br\/#\/schema\/logo\/image\/\",\"url\":\"https:\/\/www.deyel.com\/wp-content\/uploads\/2022\/01\/optaris-logo.png\",\"contentUrl\":\"https:\/\/www.deyel.com\/wp-content\/uploads\/2022\/01\/optaris-logo.png\",\"width\":800,\"height\":164,\"caption\":\"Optaris\"},\"image\":{\"@id\":\"https:\/\/www.deyel.com\/pt-br\/#\/schema\/logo\/image\/\"},\"sameAs\":[\"https:\/\/www.facebook.com\/deyelplatform\",\"https:\/\/x.com\/deyelplatform\",\"https:\/\/www.linkedin.com\/showcase\/deyel\/\",\"https:\/\/www.youtube.com\/channel\/UCaYPJCvwQKSStOCJ-caxRqQ\"]}]}<\/script>\n<!-- \/ Yoast SEO plugin. -->","yoast_head_json":{"title":"Deyel - Fase 6: Automa\u00e7\u00e3o e Integra\u00e7\u00e3o","description":"Na Deyel, o comportamento dos processos \u00e9 definido atrav\u00e9s de regras de neg\u00f3cio. As regras podem ser utilizadas em valida\u00e7\u00f5es, em l\u00f3gicas de neg\u00f3cio espec\u00edficas, controle de fluxos de processos, integra\u00e7\u00e3o com outros aplicativos, etc.","robots":{"index":"index","follow":"follow","max-snippet":"max-snippet:-1","max-image-preview":"max-image-preview:large","max-video-preview":"max-video-preview:-1"},"canonical":"https:\/\/www.deyel.com\/pt-br\/capacitacion-fases\/fase-6-automacao-e-integracao\/","og_locale":"pt_BR","og_type":"article","og_title":"Deyel - Fase 6: Automa\u00e7\u00e3o e Integra\u00e7\u00e3o","og_description":"Na Deyel, o comportamento dos processos \u00e9 definido atrav\u00e9s de regras de neg\u00f3cio. As regras podem ser utilizadas em valida\u00e7\u00f5es, em l\u00f3gicas de neg\u00f3cio espec\u00edficas, controle de fluxos de processos, integra\u00e7\u00e3o com outros aplicativos, etc.","og_url":"https:\/\/www.deyel.com\/pt-br\/capacitacion-fases\/fase-6-automacao-e-integracao\/","og_site_name":"Deyel","article_publisher":"https:\/\/www.facebook.com\/deyelplatform","article_modified_time":"2024-08-23T15:03:12+00:00","twitter_card":"summary_large_image","twitter_site":"@deyelplatform","schema":{"@context":"https:\/\/schema.org","@graph":[{"@type":"WebPage","@id":"https:\/\/www.deyel.com\/pt-br\/capacitacion-fases\/fase-6-automacao-e-integracao\/","url":"https:\/\/www.deyel.com\/pt-br\/capacitacion-fases\/fase-6-automacao-e-integracao\/","name":"Deyel - Fase 6: Automa\u00e7\u00e3o e Integra\u00e7\u00e3o","isPartOf":{"@id":"https:\/\/www.deyel.com\/pt-br\/#website"},"datePublished":"2024-07-31T19:39:16+00:00","dateModified":"2024-08-23T15:03:12+00:00","description":"Na Deyel, o comportamento dos processos \u00e9 definido atrav\u00e9s de regras de neg\u00f3cio. As regras podem ser utilizadas em valida\u00e7\u00f5es, em l\u00f3gicas de neg\u00f3cio espec\u00edficas, controle de fluxos de processos, integra\u00e7\u00e3o com outros aplicativos, etc.","breadcrumb":{"@id":"https:\/\/www.deyel.com\/pt-br\/capacitacion-fases\/fase-6-automacao-e-integracao\/#breadcrumb"},"inLanguage":"pt-BR","potentialAction":[{"@type":"ReadAction","target":["https:\/\/www.deyel.com\/pt-br\/capacitacion-fases\/fase-6-automacao-e-integracao\/"]}]},{"@type":"BreadcrumbList","@id":"https:\/\/www.deyel.com\/pt-br\/capacitacion-fases\/fase-6-automacao-e-integracao\/#breadcrumb","itemListElement":[{"@type":"ListItem","position":1,"name":"Home","item":"https:\/\/www.deyel.com\/pt-br\/"},{"@type":"ListItem","position":2,"name":"Capacitaci\u00f3n &#8211; Fases","item":"https:\/\/www.deyel.com\/pt-br\/capacitacion-fases\/"},{"@type":"ListItem","position":3,"name":"Fase 6: Automa\u00e7\u00e3o e Integra\u00e7\u00e3o"}]},{"@type":"WebSite","@id":"https:\/\/www.deyel.com\/pt-br\/#website","url":"https:\/\/www.deyel.com\/pt-br\/","name":"Deyel","description":"Deyel es una Low Code application platform (Lcap\/NoCap) que te permite construir tus aplicaciones en un entorno seguro.","publisher":{"@id":"https:\/\/www.deyel.com\/pt-br\/#organization"},"potentialAction":[{"@type":"SearchAction","target":{"@type":"EntryPoint","urlTemplate":"https:\/\/www.deyel.com\/pt-br\/?s={search_term_string}"},"query-input":{"@type":"PropertyValueSpecification","valueRequired":true,"valueName":"search_term_string"}}],"inLanguage":"pt-BR"},{"@type":"Organization","@id":"https:\/\/www.deyel.com\/pt-br\/#organization","name":"Optaris","url":"https:\/\/www.deyel.com\/pt-br\/","logo":{"@type":"ImageObject","inLanguage":"pt-BR","@id":"https:\/\/www.deyel.com\/pt-br\/#\/schema\/logo\/image\/","url":"https:\/\/www.deyel.com\/wp-content\/uploads\/2022\/01\/optaris-logo.png","contentUrl":"https:\/\/www.deyel.com\/wp-content\/uploads\/2022\/01\/optaris-logo.png","width":800,"height":164,"caption":"Optaris"},"image":{"@id":"https:\/\/www.deyel.com\/pt-br\/#\/schema\/logo\/image\/"},"sameAs":["https:\/\/www.facebook.com\/deyelplatform","https:\/\/x.com\/deyelplatform","https:\/\/www.linkedin.com\/showcase\/deyel\/","https:\/\/www.youtube.com\/channel\/UCaYPJCvwQKSStOCJ-caxRqQ"]}]}},"_links":{"self":[{"href":"https:\/\/www.deyel.com\/pt-br\/wp-json\/wp\/v2\/pages\/55709","targetHints":{"allow":["GET"]}}],"collection":[{"href":"https:\/\/www.deyel.com\/pt-br\/wp-json\/wp\/v2\/pages"}],"about":[{"href":"https:\/\/www.deyel.com\/pt-br\/wp-json\/wp\/v2\/types\/page"}],"author":[{"embeddable":true,"href":"https:\/\/www.deyel.com\/pt-br\/wp-json\/wp\/v2\/users\/312"}],"replies":[{"embeddable":true,"href":"https:\/\/www.deyel.com\/pt-br\/wp-json\/wp\/v2\/comments?post=55709"}],"version-history":[{"count":0,"href":"https:\/\/www.deyel.com\/pt-br\/wp-json\/wp\/v2\/pages\/55709\/revisions"}],"up":[{"embeddable":true,"href":"https:\/\/www.deyel.com\/pt-br\/wp-json\/wp\/v2\/pages\/37340"}],"wp:attachment":[{"href":"https:\/\/www.deyel.com\/pt-br\/wp-json\/wp\/v2\/media?parent=55709"}],"curies":[{"name":"wp","href":"https:\/\/api.w.org\/{rel}","templated":true}]}}