{"id":55708,"date":"2024-07-31T16:13:29","date_gmt":"2024-07-31T19:13:29","guid":{"rendered":"https:\/\/deyelstage.wpenginepowered.com\/capacitacion-fases\/fase-7-bam\/"},"modified":"2026-03-19T13:55:12","modified_gmt":"2026-03-19T16:55:12","slug":"fase-7-bam","status":"publish","type":"page","link":"https:\/\/www.deyel.com\/pt-br\/capacitacion-fases\/fase-7-bam\/","title":{"rendered":"Fase 7: BAM"},"content":{"rendered":"","protected":false},"excerpt":{"rendered":"","protected":false},"author":312,"featured_media":0,"parent":37340,"menu_order":0,"comment_status":"closed","ping_status":"closed","template":"","meta":{"footnotes":""},"class_list":["post-55708","page","type-page","status-publish","hentry"],"acf":[],"yoast_head":"<!-- This site is optimized with the Yoast SEO plugin v27.1.1 - https:\/\/yoast.com\/product\/yoast-seo-wordpress\/ -->\n<title>Deyel - Fase 7: BAM<\/title>\n<meta name=\"description\" content=\"Deyel inclui relat\u00f3rios que permitem analisar o funcionamento dos processos e suas tarefas, tanto de forma hist\u00f3rica, atrav\u00e9s da An\u00e1lise de Processos, quanto com informa\u00e7\u00f5es daqueles que est\u00e3o em execu\u00e7\u00e3o, atrav\u00e9s do BAM - Business Activity Monitoring. Esses relat\u00f3rios predefinidos permitem observar e compreender o funcionamento dos processos e detectar poss\u00edveis melhorias. Eles analisam de forma resumida o comportamento dos processos e suas tarefas, sendo poss\u00edvel identificar o que foi feito no tempo previsto, com atraso, os desvios em rela\u00e7\u00e3o \u00e0s dura\u00e7\u00f5es m\u00e1ximas e esperadas, desempenho dos participantes, gargalos, etc.\" \/>\n<meta name=\"robots\" content=\"index, follow, max-snippet:-1, max-image-preview:large, max-video-preview:-1\" \/>\n<link rel=\"canonical\" href=\"https:\/\/www.deyel.com\/pt-br\/capacitacion-fases\/fase-7-bam\/\" \/>\n<meta property=\"og:locale\" content=\"pt_BR\" \/>\n<meta property=\"og:type\" content=\"article\" \/>\n<meta property=\"og:title\" content=\"Deyel - Fase 7: BAM\" \/>\n<meta property=\"og:description\" content=\"Deyel inclui relat\u00f3rios que permitem analisar o funcionamento dos processos e suas tarefas, tanto de forma hist\u00f3rica, atrav\u00e9s da An\u00e1lise de Processos, quanto com informa\u00e7\u00f5es daqueles que est\u00e3o em execu\u00e7\u00e3o, atrav\u00e9s do BAM - Business Activity Monitoring. Esses relat\u00f3rios predefinidos permitem observar e compreender o funcionamento dos processos e detectar poss\u00edveis melhorias. Eles analisam de forma resumida o comportamento dos processos e suas tarefas, sendo poss\u00edvel identificar o que foi feito no tempo previsto, com atraso, os desvios em rela\u00e7\u00e3o \u00e0s dura\u00e7\u00f5es m\u00e1ximas e esperadas, desempenho dos participantes, gargalos, etc.\" \/>\n<meta property=\"og:url\" content=\"https:\/\/www.deyel.com\/pt-br\/capacitacion-fases\/fase-7-bam\/\" \/>\n<meta property=\"og:site_name\" content=\"Deyel\" \/>\n<meta property=\"article:publisher\" content=\"https:\/\/www.facebook.com\/deyelplatform\" \/>\n<meta property=\"article:modified_time\" content=\"2026-03-19T16:55:12+00:00\" \/>\n<meta name=\"twitter:card\" content=\"summary_large_image\" \/>\n<meta name=\"twitter:site\" content=\"@deyelplatform\" \/>\n<script type=\"application\/ld+json\" class=\"yoast-schema-graph\">{\"@context\":\"https:\/\/schema.org\",\"@graph\":[{\"@type\":\"WebPage\",\"@id\":\"https:\/\/www.deyel.com\/pt-br\/capacitacion-fases\/fase-7-bam\/\",\"url\":\"https:\/\/www.deyel.com\/pt-br\/capacitacion-fases\/fase-7-bam\/\",\"name\":\"Deyel - Fase 7: BAM\",\"isPartOf\":{\"@id\":\"https:\/\/www.deyel.com\/pt-br\/#website\"},\"datePublished\":\"2024-07-31T19:13:29+00:00\",\"dateModified\":\"2026-03-19T16:55:12+00:00\",\"description\":\"Deyel inclui relat\u00f3rios que permitem analisar o funcionamento dos processos e suas tarefas, tanto de forma hist\u00f3rica, atrav\u00e9s da An\u00e1lise de Processos, quanto com informa\u00e7\u00f5es daqueles que est\u00e3o em execu\u00e7\u00e3o, atrav\u00e9s do BAM - Business Activity Monitoring. Esses relat\u00f3rios predefinidos permitem observar e compreender o funcionamento dos processos e detectar poss\u00edveis melhorias. Eles analisam de forma resumida o comportamento dos processos e suas tarefas, sendo poss\u00edvel identificar o que foi feito no tempo previsto, com atraso, os desvios em rela\u00e7\u00e3o \u00e0s dura\u00e7\u00f5es m\u00e1ximas e esperadas, desempenho dos participantes, gargalos, etc.\",\"breadcrumb\":{\"@id\":\"https:\/\/www.deyel.com\/pt-br\/capacitacion-fases\/fase-7-bam\/#breadcrumb\"},\"inLanguage\":\"pt-BR\",\"potentialAction\":[{\"@type\":\"ReadAction\",\"target\":[\"https:\/\/www.deyel.com\/pt-br\/capacitacion-fases\/fase-7-bam\/\"]}]},{\"@type\":\"BreadcrumbList\",\"@id\":\"https:\/\/www.deyel.com\/pt-br\/capacitacion-fases\/fase-7-bam\/#breadcrumb\",\"itemListElement\":[{\"@type\":\"ListItem\",\"position\":1,\"name\":\"Home\",\"item\":\"https:\/\/www.deyel.com\/pt-br\/\"},{\"@type\":\"ListItem\",\"position\":2,\"name\":\"Capacitaci\u00f3n &#8211; Fases\",\"item\":\"https:\/\/www.deyel.com\/pt-br\/capacitacion-fases\/\"},{\"@type\":\"ListItem\",\"position\":3,\"name\":\"Fase 7: BAM\"}]},{\"@type\":\"WebSite\",\"@id\":\"https:\/\/www.deyel.com\/pt-br\/#website\",\"url\":\"https:\/\/www.deyel.com\/pt-br\/\",\"name\":\"Deyel\",\"description\":\"Deyel es una Low Code application platform (Lcap\/NoCap) que te permite construir tus aplicaciones en un entorno seguro.\",\"publisher\":{\"@id\":\"https:\/\/www.deyel.com\/pt-br\/#organization\"},\"potentialAction\":[{\"@type\":\"SearchAction\",\"target\":{\"@type\":\"EntryPoint\",\"urlTemplate\":\"https:\/\/www.deyel.com\/pt-br\/?s={search_term_string}\"},\"query-input\":{\"@type\":\"PropertyValueSpecification\",\"valueRequired\":true,\"valueName\":\"search_term_string\"}}],\"inLanguage\":\"pt-BR\"},{\"@type\":\"Organization\",\"@id\":\"https:\/\/www.deyel.com\/pt-br\/#organization\",\"name\":\"Optaris\",\"url\":\"https:\/\/www.deyel.com\/pt-br\/\",\"logo\":{\"@type\":\"ImageObject\",\"inLanguage\":\"pt-BR\",\"@id\":\"https:\/\/www.deyel.com\/pt-br\/#\/schema\/logo\/image\/\",\"url\":\"https:\/\/www.deyel.com\/wp-content\/uploads\/2022\/01\/optaris-logo.png\",\"contentUrl\":\"https:\/\/www.deyel.com\/wp-content\/uploads\/2022\/01\/optaris-logo.png\",\"width\":800,\"height\":164,\"caption\":\"Optaris\"},\"image\":{\"@id\":\"https:\/\/www.deyel.com\/pt-br\/#\/schema\/logo\/image\/\"},\"sameAs\":[\"https:\/\/www.facebook.com\/deyelplatform\",\"https:\/\/x.com\/deyelplatform\",\"https:\/\/www.linkedin.com\/showcase\/deyel\/\",\"https:\/\/www.youtube.com\/channel\/UCaYPJCvwQKSStOCJ-caxRqQ\"]}]}<\/script>\n<!-- \/ Yoast SEO plugin. -->","yoast_head_json":{"title":"Deyel - Fase 7: BAM","description":"Deyel inclui relat\u00f3rios que permitem analisar o funcionamento dos processos e suas tarefas, tanto de forma hist\u00f3rica, atrav\u00e9s da An\u00e1lise de Processos, quanto com informa\u00e7\u00f5es daqueles que est\u00e3o em execu\u00e7\u00e3o, atrav\u00e9s do BAM - Business Activity Monitoring. Esses relat\u00f3rios predefinidos permitem observar e compreender o funcionamento dos processos e detectar poss\u00edveis melhorias. Eles analisam de forma resumida o comportamento dos processos e suas tarefas, sendo poss\u00edvel identificar o que foi feito no tempo previsto, com atraso, os desvios em rela\u00e7\u00e3o \u00e0s dura\u00e7\u00f5es m\u00e1ximas e esperadas, desempenho dos participantes, gargalos, etc.","robots":{"index":"index","follow":"follow","max-snippet":"max-snippet:-1","max-image-preview":"max-image-preview:large","max-video-preview":"max-video-preview:-1"},"canonical":"https:\/\/www.deyel.com\/pt-br\/capacitacion-fases\/fase-7-bam\/","og_locale":"pt_BR","og_type":"article","og_title":"Deyel - Fase 7: BAM","og_description":"Deyel inclui relat\u00f3rios que permitem analisar o funcionamento dos processos e suas tarefas, tanto de forma hist\u00f3rica, atrav\u00e9s da An\u00e1lise de Processos, quanto com informa\u00e7\u00f5es daqueles que est\u00e3o em execu\u00e7\u00e3o, atrav\u00e9s do BAM - Business Activity Monitoring. Esses relat\u00f3rios predefinidos permitem observar e compreender o funcionamento dos processos e detectar poss\u00edveis melhorias. Eles analisam de forma resumida o comportamento dos processos e suas tarefas, sendo poss\u00edvel identificar o que foi feito no tempo previsto, com atraso, os desvios em rela\u00e7\u00e3o \u00e0s dura\u00e7\u00f5es m\u00e1ximas e esperadas, desempenho dos participantes, gargalos, etc.","og_url":"https:\/\/www.deyel.com\/pt-br\/capacitacion-fases\/fase-7-bam\/","og_site_name":"Deyel","article_publisher":"https:\/\/www.facebook.com\/deyelplatform","article_modified_time":"2026-03-19T16:55:12+00:00","twitter_card":"summary_large_image","twitter_site":"@deyelplatform","schema":{"@context":"https:\/\/schema.org","@graph":[{"@type":"WebPage","@id":"https:\/\/www.deyel.com\/pt-br\/capacitacion-fases\/fase-7-bam\/","url":"https:\/\/www.deyel.com\/pt-br\/capacitacion-fases\/fase-7-bam\/","name":"Deyel - Fase 7: BAM","isPartOf":{"@id":"https:\/\/www.deyel.com\/pt-br\/#website"},"datePublished":"2024-07-31T19:13:29+00:00","dateModified":"2026-03-19T16:55:12+00:00","description":"Deyel inclui relat\u00f3rios que permitem analisar o funcionamento dos processos e suas tarefas, tanto de forma hist\u00f3rica, atrav\u00e9s da An\u00e1lise de Processos, quanto com informa\u00e7\u00f5es daqueles que est\u00e3o em execu\u00e7\u00e3o, atrav\u00e9s do BAM - Business Activity Monitoring. Esses relat\u00f3rios predefinidos permitem observar e compreender o funcionamento dos processos e detectar poss\u00edveis melhorias. Eles analisam de forma resumida o comportamento dos processos e suas tarefas, sendo poss\u00edvel identificar o que foi feito no tempo previsto, com atraso, os desvios em rela\u00e7\u00e3o \u00e0s dura\u00e7\u00f5es m\u00e1ximas e esperadas, desempenho dos participantes, gargalos, etc.","breadcrumb":{"@id":"https:\/\/www.deyel.com\/pt-br\/capacitacion-fases\/fase-7-bam\/#breadcrumb"},"inLanguage":"pt-BR","potentialAction":[{"@type":"ReadAction","target":["https:\/\/www.deyel.com\/pt-br\/capacitacion-fases\/fase-7-bam\/"]}]},{"@type":"BreadcrumbList","@id":"https:\/\/www.deyel.com\/pt-br\/capacitacion-fases\/fase-7-bam\/#breadcrumb","itemListElement":[{"@type":"ListItem","position":1,"name":"Home","item":"https:\/\/www.deyel.com\/pt-br\/"},{"@type":"ListItem","position":2,"name":"Capacitaci\u00f3n &#8211; Fases","item":"https:\/\/www.deyel.com\/pt-br\/capacitacion-fases\/"},{"@type":"ListItem","position":3,"name":"Fase 7: BAM"}]},{"@type":"WebSite","@id":"https:\/\/www.deyel.com\/pt-br\/#website","url":"https:\/\/www.deyel.com\/pt-br\/","name":"Deyel","description":"Deyel es una Low Code application platform (Lcap\/NoCap) que te permite construir tus aplicaciones en un entorno seguro.","publisher":{"@id":"https:\/\/www.deyel.com\/pt-br\/#organization"},"potentialAction":[{"@type":"SearchAction","target":{"@type":"EntryPoint","urlTemplate":"https:\/\/www.deyel.com\/pt-br\/?s={search_term_string}"},"query-input":{"@type":"PropertyValueSpecification","valueRequired":true,"valueName":"search_term_string"}}],"inLanguage":"pt-BR"},{"@type":"Organization","@id":"https:\/\/www.deyel.com\/pt-br\/#organization","name":"Optaris","url":"https:\/\/www.deyel.com\/pt-br\/","logo":{"@type":"ImageObject","inLanguage":"pt-BR","@id":"https:\/\/www.deyel.com\/pt-br\/#\/schema\/logo\/image\/","url":"https:\/\/www.deyel.com\/wp-content\/uploads\/2022\/01\/optaris-logo.png","contentUrl":"https:\/\/www.deyel.com\/wp-content\/uploads\/2022\/01\/optaris-logo.png","width":800,"height":164,"caption":"Optaris"},"image":{"@id":"https:\/\/www.deyel.com\/pt-br\/#\/schema\/logo\/image\/"},"sameAs":["https:\/\/www.facebook.com\/deyelplatform","https:\/\/x.com\/deyelplatform","https:\/\/www.linkedin.com\/showcase\/deyel\/","https:\/\/www.youtube.com\/channel\/UCaYPJCvwQKSStOCJ-caxRqQ"]}]}},"_links":{"self":[{"href":"https:\/\/www.deyel.com\/pt-br\/wp-json\/wp\/v2\/pages\/55708","targetHints":{"allow":["GET"]}}],"collection":[{"href":"https:\/\/www.deyel.com\/pt-br\/wp-json\/wp\/v2\/pages"}],"about":[{"href":"https:\/\/www.deyel.com\/pt-br\/wp-json\/wp\/v2\/types\/page"}],"author":[{"embeddable":true,"href":"https:\/\/www.deyel.com\/pt-br\/wp-json\/wp\/v2\/users\/312"}],"replies":[{"embeddable":true,"href":"https:\/\/www.deyel.com\/pt-br\/wp-json\/wp\/v2\/comments?post=55708"}],"version-history":[{"count":1,"href":"https:\/\/www.deyel.com\/pt-br\/wp-json\/wp\/v2\/pages\/55708\/revisions"}],"predecessor-version":[{"id":61105,"href":"https:\/\/www.deyel.com\/pt-br\/wp-json\/wp\/v2\/pages\/55708\/revisions\/61105"}],"up":[{"embeddable":true,"href":"https:\/\/www.deyel.com\/pt-br\/wp-json\/wp\/v2\/pages\/37340"}],"wp:attachment":[{"href":"https:\/\/www.deyel.com\/pt-br\/wp-json\/wp\/v2\/media?parent=55708"}],"curies":[{"name":"wp","href":"https:\/\/api.w.org\/{rel}","templated":true}]}}