{"id":4516,"date":"2019-06-13T15:44:55","date_gmt":"2019-06-13T15:44:55","guid":{"rendered":"https:\/\/deyelstage.wpenginepowered.com\/?page_id=4516"},"modified":"2024-07-19T19:35:44","modified_gmt":"2024-07-19T22:35:44","slug":"fase-2-modelado-de-formularios","status":"publish","type":"page","link":"https:\/\/www.deyel.com\/pt-br\/capacitacion-fases\/fase-2-modelado-de-formularios\/","title":{"rendered":"Fase 2: Modelado de Formularios"},"content":{"rendered":"","protected":false},"excerpt":{"rendered":"","protected":false},"author":312,"featured_media":0,"parent":15139,"menu_order":0,"comment_status":"closed","ping_status":"closed","template":"","meta":{"footnotes":""},"class_list":["post-4516","page","type-page","status-publish","hentry"],"acf":[],"yoast_head":"<!-- This site is optimized with the Yoast SEO plugin v27.1.1 - https:\/\/yoast.com\/product\/yoast-seo-wordpress\/ -->\n<title>Deyel - Fase 2: Modelado de Formularios<\/title>\n<meta name=\"description\" content=\"A trav\u00e9s del modelador de formularios de Deyel, se generan los formularios independientes o los que ser\u00e1n la interfaz de usuario de las actividades humanas y las variables de los procesos modelados. En la Fase de Modelado de Formularios, conocer\u00e1 como crear formularios, con todas sus caracter\u00edsticas. Haciendo foco principalmente, en todos los controles de campos y contenedores disponibles, sus propiedades, las relaciones con listas de valores, reglas y entidades, la utilizaci\u00f3n del asistente de reglas de validaci\u00f3n, obligatoriedad, visibilidad, editabilidad y c\u00e1lculo, el modelado de la grilla y criterios de b\u00fasqueda, etc.\" \/>\n<meta name=\"robots\" content=\"index, follow, max-snippet:-1, max-image-preview:large, max-video-preview:-1\" \/>\n<link rel=\"canonical\" href=\"https:\/\/www.deyel.com\/pt-br\/capacitacion-fases\/fase-2-modelado-de-formularios\/\" \/>\n<meta property=\"og:locale\" content=\"pt_BR\" \/>\n<meta property=\"og:type\" content=\"article\" \/>\n<meta property=\"og:title\" content=\"Deyel - Fase 2: Modelado de Formularios\" \/>\n<meta property=\"og:description\" content=\"A trav\u00e9s del modelador de formularios de Deyel, se generan los formularios independientes o los que ser\u00e1n la interfaz de usuario de las actividades humanas y las variables de los procesos modelados. En la Fase de Modelado de Formularios, conocer\u00e1 como crear formularios, con todas sus caracter\u00edsticas. Haciendo foco principalmente, en todos los controles de campos y contenedores disponibles, sus propiedades, las relaciones con listas de valores, reglas y entidades, la utilizaci\u00f3n del asistente de reglas de validaci\u00f3n, obligatoriedad, visibilidad, editabilidad y c\u00e1lculo, el modelado de la grilla y criterios de b\u00fasqueda, etc.\" \/>\n<meta property=\"og:url\" content=\"https:\/\/www.deyel.com\/pt-br\/capacitacion-fases\/fase-2-modelado-de-formularios\/\" \/>\n<meta property=\"og:site_name\" content=\"Deyel\" \/>\n<meta property=\"article:publisher\" content=\"https:\/\/www.facebook.com\/deyelplatform\" \/>\n<meta property=\"article:modified_time\" content=\"2024-07-19T22:35:44+00:00\" \/>\n<meta name=\"twitter:card\" content=\"summary_large_image\" \/>\n<meta name=\"twitter:site\" content=\"@deyelplatform\" \/>\n<script type=\"application\/ld+json\" class=\"yoast-schema-graph\">{\"@context\":\"https:\/\/schema.org\",\"@graph\":[{\"@type\":\"WebPage\",\"@id\":\"https:\/\/www.deyel.com\/pt-br\/capacitacion-fases\/fase-2-modelado-de-formularios\/\",\"url\":\"https:\/\/www.deyel.com\/pt-br\/capacitacion-fases\/fase-2-modelado-de-formularios\/\",\"name\":\"Deyel - Fase 2: Modelado de Formularios\",\"isPartOf\":{\"@id\":\"https:\/\/www.deyel.com\/pt-br\/#website\"},\"datePublished\":\"2019-06-13T15:44:55+00:00\",\"dateModified\":\"2024-07-19T22:35:44+00:00\",\"description\":\"A trav\u00e9s del modelador de formularios de Deyel, se generan los formularios independientes o los que ser\u00e1n la interfaz de usuario de las actividades humanas y las variables de los procesos modelados. En la Fase de Modelado de Formularios, conocer\u00e1 como crear formularios, con todas sus caracter\u00edsticas. Haciendo foco principalmente, en todos los controles de campos y contenedores disponibles, sus propiedades, las relaciones con listas de valores, reglas y entidades, la utilizaci\u00f3n del asistente de reglas de validaci\u00f3n, obligatoriedad, visibilidad, editabilidad y c\u00e1lculo, el modelado de la grilla y criterios de b\u00fasqueda, etc.\",\"breadcrumb\":{\"@id\":\"https:\/\/www.deyel.com\/pt-br\/capacitacion-fases\/fase-2-modelado-de-formularios\/#breadcrumb\"},\"inLanguage\":\"pt-BR\",\"potentialAction\":[{\"@type\":\"ReadAction\",\"target\":[\"https:\/\/www.deyel.com\/pt-br\/capacitacion-fases\/fase-2-modelado-de-formularios\/\"]}]},{\"@type\":\"BreadcrumbList\",\"@id\":\"https:\/\/www.deyel.com\/pt-br\/capacitacion-fases\/fase-2-modelado-de-formularios\/#breadcrumb\",\"itemListElement\":[{\"@type\":\"ListItem\",\"position\":1,\"name\":\"Home\",\"item\":\"https:\/\/www.deyel.com\/pt-br\/\"},{\"@type\":\"ListItem\",\"position\":2,\"name\":\"Capacitaci\u00f3n &#8211; Fases\",\"item\":\"https:\/\/www.deyel.com\/pt-br\/capacitacion-fases\/\"},{\"@type\":\"ListItem\",\"position\":3,\"name\":\"Fase 2: Modelado de Formularios\"}]},{\"@type\":\"WebSite\",\"@id\":\"https:\/\/www.deyel.com\/pt-br\/#website\",\"url\":\"https:\/\/www.deyel.com\/pt-br\/\",\"name\":\"Deyel\",\"description\":\"Deyel es una Low Code application platform (Lcap\/NoCap) que te permite construir tus aplicaciones en un entorno seguro.\",\"publisher\":{\"@id\":\"https:\/\/www.deyel.com\/pt-br\/#organization\"},\"potentialAction\":[{\"@type\":\"SearchAction\",\"target\":{\"@type\":\"EntryPoint\",\"urlTemplate\":\"https:\/\/www.deyel.com\/pt-br\/?s={search_term_string}\"},\"query-input\":{\"@type\":\"PropertyValueSpecification\",\"valueRequired\":true,\"valueName\":\"search_term_string\"}}],\"inLanguage\":\"pt-BR\"},{\"@type\":\"Organization\",\"@id\":\"https:\/\/www.deyel.com\/pt-br\/#organization\",\"name\":\"Optaris\",\"url\":\"https:\/\/www.deyel.com\/pt-br\/\",\"logo\":{\"@type\":\"ImageObject\",\"inLanguage\":\"pt-BR\",\"@id\":\"https:\/\/www.deyel.com\/pt-br\/#\/schema\/logo\/image\/\",\"url\":\"https:\/\/www.deyel.com\/wp-content\/uploads\/2022\/01\/optaris-logo.png\",\"contentUrl\":\"https:\/\/www.deyel.com\/wp-content\/uploads\/2022\/01\/optaris-logo.png\",\"width\":800,\"height\":164,\"caption\":\"Optaris\"},\"image\":{\"@id\":\"https:\/\/www.deyel.com\/pt-br\/#\/schema\/logo\/image\/\"},\"sameAs\":[\"https:\/\/www.facebook.com\/deyelplatform\",\"https:\/\/x.com\/deyelplatform\",\"https:\/\/www.linkedin.com\/showcase\/deyel\/\",\"https:\/\/www.youtube.com\/channel\/UCaYPJCvwQKSStOCJ-caxRqQ\"]}]}<\/script>\n<!-- \/ Yoast SEO plugin. -->","yoast_head_json":{"title":"Deyel - Fase 2: Modelado de Formularios","description":"A trav\u00e9s del modelador de formularios de Deyel, se generan los formularios independientes o los que ser\u00e1n la interfaz de usuario de las actividades humanas y las variables de los procesos modelados. En la Fase de Modelado de Formularios, conocer\u00e1 como crear formularios, con todas sus caracter\u00edsticas. Haciendo foco principalmente, en todos los controles de campos y contenedores disponibles, sus propiedades, las relaciones con listas de valores, reglas y entidades, la utilizaci\u00f3n del asistente de reglas de validaci\u00f3n, obligatoriedad, visibilidad, editabilidad y c\u00e1lculo, el modelado de la grilla y criterios de b\u00fasqueda, etc.","robots":{"index":"index","follow":"follow","max-snippet":"max-snippet:-1","max-image-preview":"max-image-preview:large","max-video-preview":"max-video-preview:-1"},"canonical":"https:\/\/www.deyel.com\/pt-br\/capacitacion-fases\/fase-2-modelado-de-formularios\/","og_locale":"pt_BR","og_type":"article","og_title":"Deyel - Fase 2: Modelado de Formularios","og_description":"A trav\u00e9s del modelador de formularios de Deyel, se generan los formularios independientes o los que ser\u00e1n la interfaz de usuario de las actividades humanas y las variables de los procesos modelados. En la Fase de Modelado de Formularios, conocer\u00e1 como crear formularios, con todas sus caracter\u00edsticas. Haciendo foco principalmente, en todos los controles de campos y contenedores disponibles, sus propiedades, las relaciones con listas de valores, reglas y entidades, la utilizaci\u00f3n del asistente de reglas de validaci\u00f3n, obligatoriedad, visibilidad, editabilidad y c\u00e1lculo, el modelado de la grilla y criterios de b\u00fasqueda, etc.","og_url":"https:\/\/www.deyel.com\/pt-br\/capacitacion-fases\/fase-2-modelado-de-formularios\/","og_site_name":"Deyel","article_publisher":"https:\/\/www.facebook.com\/deyelplatform","article_modified_time":"2024-07-19T22:35:44+00:00","twitter_card":"summary_large_image","twitter_site":"@deyelplatform","schema":{"@context":"https:\/\/schema.org","@graph":[{"@type":"WebPage","@id":"https:\/\/www.deyel.com\/pt-br\/capacitacion-fases\/fase-2-modelado-de-formularios\/","url":"https:\/\/www.deyel.com\/pt-br\/capacitacion-fases\/fase-2-modelado-de-formularios\/","name":"Deyel - Fase 2: Modelado de Formularios","isPartOf":{"@id":"https:\/\/www.deyel.com\/pt-br\/#website"},"datePublished":"2019-06-13T15:44:55+00:00","dateModified":"2024-07-19T22:35:44+00:00","description":"A trav\u00e9s del modelador de formularios de Deyel, se generan los formularios independientes o los que ser\u00e1n la interfaz de usuario de las actividades humanas y las variables de los procesos modelados. En la Fase de Modelado de Formularios, conocer\u00e1 como crear formularios, con todas sus caracter\u00edsticas. Haciendo foco principalmente, en todos los controles de campos y contenedores disponibles, sus propiedades, las relaciones con listas de valores, reglas y entidades, la utilizaci\u00f3n del asistente de reglas de validaci\u00f3n, obligatoriedad, visibilidad, editabilidad y c\u00e1lculo, el modelado de la grilla y criterios de b\u00fasqueda, etc.","breadcrumb":{"@id":"https:\/\/www.deyel.com\/pt-br\/capacitacion-fases\/fase-2-modelado-de-formularios\/#breadcrumb"},"inLanguage":"pt-BR","potentialAction":[{"@type":"ReadAction","target":["https:\/\/www.deyel.com\/pt-br\/capacitacion-fases\/fase-2-modelado-de-formularios\/"]}]},{"@type":"BreadcrumbList","@id":"https:\/\/www.deyel.com\/pt-br\/capacitacion-fases\/fase-2-modelado-de-formularios\/#breadcrumb","itemListElement":[{"@type":"ListItem","position":1,"name":"Home","item":"https:\/\/www.deyel.com\/pt-br\/"},{"@type":"ListItem","position":2,"name":"Capacitaci\u00f3n &#8211; Fases","item":"https:\/\/www.deyel.com\/pt-br\/capacitacion-fases\/"},{"@type":"ListItem","position":3,"name":"Fase 2: Modelado de Formularios"}]},{"@type":"WebSite","@id":"https:\/\/www.deyel.com\/pt-br\/#website","url":"https:\/\/www.deyel.com\/pt-br\/","name":"Deyel","description":"Deyel es una Low Code application platform (Lcap\/NoCap) que te permite construir tus aplicaciones en un entorno seguro.","publisher":{"@id":"https:\/\/www.deyel.com\/pt-br\/#organization"},"potentialAction":[{"@type":"SearchAction","target":{"@type":"EntryPoint","urlTemplate":"https:\/\/www.deyel.com\/pt-br\/?s={search_term_string}"},"query-input":{"@type":"PropertyValueSpecification","valueRequired":true,"valueName":"search_term_string"}}],"inLanguage":"pt-BR"},{"@type":"Organization","@id":"https:\/\/www.deyel.com\/pt-br\/#organization","name":"Optaris","url":"https:\/\/www.deyel.com\/pt-br\/","logo":{"@type":"ImageObject","inLanguage":"pt-BR","@id":"https:\/\/www.deyel.com\/pt-br\/#\/schema\/logo\/image\/","url":"https:\/\/www.deyel.com\/wp-content\/uploads\/2022\/01\/optaris-logo.png","contentUrl":"https:\/\/www.deyel.com\/wp-content\/uploads\/2022\/01\/optaris-logo.png","width":800,"height":164,"caption":"Optaris"},"image":{"@id":"https:\/\/www.deyel.com\/pt-br\/#\/schema\/logo\/image\/"},"sameAs":["https:\/\/www.facebook.com\/deyelplatform","https:\/\/x.com\/deyelplatform","https:\/\/www.linkedin.com\/showcase\/deyel\/","https:\/\/www.youtube.com\/channel\/UCaYPJCvwQKSStOCJ-caxRqQ"]}]}},"_links":{"self":[{"href":"https:\/\/www.deyel.com\/pt-br\/wp-json\/wp\/v2\/pages\/4516","targetHints":{"allow":["GET"]}}],"collection":[{"href":"https:\/\/www.deyel.com\/pt-br\/wp-json\/wp\/v2\/pages"}],"about":[{"href":"https:\/\/www.deyel.com\/pt-br\/wp-json\/wp\/v2\/types\/page"}],"author":[{"embeddable":true,"href":"https:\/\/www.deyel.com\/pt-br\/wp-json\/wp\/v2\/users\/312"}],"replies":[{"embeddable":true,"href":"https:\/\/www.deyel.com\/pt-br\/wp-json\/wp\/v2\/comments?post=4516"}],"version-history":[{"count":0,"href":"https:\/\/www.deyel.com\/pt-br\/wp-json\/wp\/v2\/pages\/4516\/revisions"}],"up":[{"embeddable":true,"href":"https:\/\/www.deyel.com\/pt-br\/wp-json\/wp\/v2\/pages\/15139"}],"wp:attachment":[{"href":"https:\/\/www.deyel.com\/pt-br\/wp-json\/wp\/v2\/media?parent=4516"}],"curies":[{"name":"wp","href":"https:\/\/api.w.org\/{rel}","templated":true}]}}