{"id":33566,"date":"2021-07-14T20:06:44","date_gmt":"2021-07-14T20:06:44","guid":{"rendered":"https:\/\/deyelstage.wpenginepowered.com\/registro-de-parceiro\/"},"modified":"2024-07-04T14:40:03","modified_gmt":"2024-07-04T17:40:03","slug":"registro-de-parceiro","status":"publish","type":"page","link":"https:\/\/www.deyel.com\/pt-br\/registro-de-parceiro\/","title":{"rendered":"Registro de Parceiro"},"content":{"rendered":"","protected":false},"excerpt":{"rendered":"","protected":false},"author":110,"featured_media":0,"parent":0,"menu_order":0,"comment_status":"closed","ping_status":"closed","template":"","meta":{"footnotes":""},"class_list":["post-33566","page","type-page","status-publish","hentry"],"acf":[],"yoast_head":"<!-- This site is optimized with the Yoast SEO plugin v27.1.1 - https:\/\/yoast.com\/product\/yoast-seo-wordpress\/ -->\n<title>Deyel - Programa de Parceiros<\/title>\n<meta name=\"description\" content=\"Uma plataforma \u00e1gil e robusta merece um grande programa de parceiros. Desenvolvido para que nossos parceiros de neg\u00f3cios atinjam suas metas, reforcem seu portf\u00f3lio e aumentem sua renda, enquanto crescemos juntos.\" \/>\n<meta name=\"robots\" content=\"index, follow, max-snippet:-1, max-image-preview:large, max-video-preview:-1\" \/>\n<link rel=\"canonical\" href=\"https:\/\/www.deyel.com\/pt-br\/registro-de-parceiro\/\" \/>\n<meta property=\"og:locale\" content=\"pt_BR\" \/>\n<meta property=\"og:type\" content=\"article\" \/>\n<meta property=\"og:title\" content=\"Deyel - Programa de Parceiros\" \/>\n<meta property=\"og:description\" content=\"Uma plataforma \u00e1gil e robusta merece um grande programa de parceiros. Desenvolvido para que nossos parceiros de neg\u00f3cios atinjam suas metas, reforcem seu portf\u00f3lio e aumentem sua renda, enquanto crescemos juntos.\" \/>\n<meta property=\"og:url\" content=\"https:\/\/www.deyel.com\/pt-br\/registro-de-parceiro\/\" \/>\n<meta property=\"og:site_name\" content=\"Deyel\" \/>\n<meta property=\"article:publisher\" content=\"https:\/\/www.facebook.com\/deyelplatform\" \/>\n<meta property=\"article:modified_time\" content=\"2024-07-04T17:40:03+00:00\" \/>\n<meta name=\"twitter:card\" content=\"summary_large_image\" \/>\n<meta name=\"twitter:site\" content=\"@deyelplatform\" \/>\n<script type=\"application\/ld+json\" class=\"yoast-schema-graph\">{\"@context\":\"https:\/\/schema.org\",\"@graph\":[{\"@type\":\"WebPage\",\"@id\":\"https:\/\/www.deyel.com\/pt-br\/registro-de-parceiro\/\",\"url\":\"https:\/\/www.deyel.com\/pt-br\/registro-de-parceiro\/\",\"name\":\"Deyel - Programa de Parceiros\",\"isPartOf\":{\"@id\":\"https:\/\/www.deyel.com\/pt-br\/#website\"},\"datePublished\":\"2021-07-14T20:06:44+00:00\",\"dateModified\":\"2024-07-04T17:40:03+00:00\",\"description\":\"Uma plataforma \u00e1gil e robusta merece um grande programa de parceiros. Desenvolvido para que nossos parceiros de neg\u00f3cios atinjam suas metas, reforcem seu portf\u00f3lio e aumentem sua renda, enquanto crescemos juntos.\",\"breadcrumb\":{\"@id\":\"https:\/\/www.deyel.com\/pt-br\/registro-de-parceiro\/#breadcrumb\"},\"inLanguage\":\"pt-BR\",\"potentialAction\":[{\"@type\":\"ReadAction\",\"target\":[\"https:\/\/www.deyel.com\/pt-br\/registro-de-parceiro\/\"]}]},{\"@type\":\"BreadcrumbList\",\"@id\":\"https:\/\/www.deyel.com\/pt-br\/registro-de-parceiro\/#breadcrumb\",\"itemListElement\":[{\"@type\":\"ListItem\",\"position\":1,\"name\":\"Home\",\"item\":\"https:\/\/www.deyel.com\/pt-br\/\"},{\"@type\":\"ListItem\",\"position\":2,\"name\":\"Registro de Parceiro\"}]},{\"@type\":\"WebSite\",\"@id\":\"https:\/\/www.deyel.com\/pt-br\/#website\",\"url\":\"https:\/\/www.deyel.com\/pt-br\/\",\"name\":\"Deyel\",\"description\":\"Deyel es una Low Code application platform (Lcap\/NoCap) que te permite construir tus aplicaciones en un entorno seguro.\",\"publisher\":{\"@id\":\"https:\/\/www.deyel.com\/pt-br\/#organization\"},\"potentialAction\":[{\"@type\":\"SearchAction\",\"target\":{\"@type\":\"EntryPoint\",\"urlTemplate\":\"https:\/\/www.deyel.com\/pt-br\/?s={search_term_string}\"},\"query-input\":{\"@type\":\"PropertyValueSpecification\",\"valueRequired\":true,\"valueName\":\"search_term_string\"}}],\"inLanguage\":\"pt-BR\"},{\"@type\":\"Organization\",\"@id\":\"https:\/\/www.deyel.com\/pt-br\/#organization\",\"name\":\"Optaris\",\"url\":\"https:\/\/www.deyel.com\/pt-br\/\",\"logo\":{\"@type\":\"ImageObject\",\"inLanguage\":\"pt-BR\",\"@id\":\"https:\/\/www.deyel.com\/pt-br\/#\/schema\/logo\/image\/\",\"url\":\"https:\/\/www.deyel.com\/wp-content\/uploads\/2022\/01\/optaris-logo.png\",\"contentUrl\":\"https:\/\/www.deyel.com\/wp-content\/uploads\/2022\/01\/optaris-logo.png\",\"width\":800,\"height\":164,\"caption\":\"Optaris\"},\"image\":{\"@id\":\"https:\/\/www.deyel.com\/pt-br\/#\/schema\/logo\/image\/\"},\"sameAs\":[\"https:\/\/www.facebook.com\/deyelplatform\",\"https:\/\/x.com\/deyelplatform\",\"https:\/\/www.linkedin.com\/showcase\/deyel\/\",\"https:\/\/www.youtube.com\/channel\/UCaYPJCvwQKSStOCJ-caxRqQ\"]}]}<\/script>\n<!-- \/ Yoast SEO plugin. -->","yoast_head_json":{"title":"Deyel - Programa de Parceiros","description":"Uma plataforma \u00e1gil e robusta merece um grande programa de parceiros. Desenvolvido para que nossos parceiros de neg\u00f3cios atinjam suas metas, reforcem seu portf\u00f3lio e aumentem sua renda, enquanto crescemos juntos.","robots":{"index":"index","follow":"follow","max-snippet":"max-snippet:-1","max-image-preview":"max-image-preview:large","max-video-preview":"max-video-preview:-1"},"canonical":"https:\/\/www.deyel.com\/pt-br\/registro-de-parceiro\/","og_locale":"pt_BR","og_type":"article","og_title":"Deyel - Programa de Parceiros","og_description":"Uma plataforma \u00e1gil e robusta merece um grande programa de parceiros. Desenvolvido para que nossos parceiros de neg\u00f3cios atinjam suas metas, reforcem seu portf\u00f3lio e aumentem sua renda, enquanto crescemos juntos.","og_url":"https:\/\/www.deyel.com\/pt-br\/registro-de-parceiro\/","og_site_name":"Deyel","article_publisher":"https:\/\/www.facebook.com\/deyelplatform","article_modified_time":"2024-07-04T17:40:03+00:00","twitter_card":"summary_large_image","twitter_site":"@deyelplatform","schema":{"@context":"https:\/\/schema.org","@graph":[{"@type":"WebPage","@id":"https:\/\/www.deyel.com\/pt-br\/registro-de-parceiro\/","url":"https:\/\/www.deyel.com\/pt-br\/registro-de-parceiro\/","name":"Deyel - Programa de Parceiros","isPartOf":{"@id":"https:\/\/www.deyel.com\/pt-br\/#website"},"datePublished":"2021-07-14T20:06:44+00:00","dateModified":"2024-07-04T17:40:03+00:00","description":"Uma plataforma \u00e1gil e robusta merece um grande programa de parceiros. Desenvolvido para que nossos parceiros de neg\u00f3cios atinjam suas metas, reforcem seu portf\u00f3lio e aumentem sua renda, enquanto crescemos juntos.","breadcrumb":{"@id":"https:\/\/www.deyel.com\/pt-br\/registro-de-parceiro\/#breadcrumb"},"inLanguage":"pt-BR","potentialAction":[{"@type":"ReadAction","target":["https:\/\/www.deyel.com\/pt-br\/registro-de-parceiro\/"]}]},{"@type":"BreadcrumbList","@id":"https:\/\/www.deyel.com\/pt-br\/registro-de-parceiro\/#breadcrumb","itemListElement":[{"@type":"ListItem","position":1,"name":"Home","item":"https:\/\/www.deyel.com\/pt-br\/"},{"@type":"ListItem","position":2,"name":"Registro de Parceiro"}]},{"@type":"WebSite","@id":"https:\/\/www.deyel.com\/pt-br\/#website","url":"https:\/\/www.deyel.com\/pt-br\/","name":"Deyel","description":"Deyel es una Low Code application platform (Lcap\/NoCap) que te permite construir tus aplicaciones en un entorno seguro.","publisher":{"@id":"https:\/\/www.deyel.com\/pt-br\/#organization"},"potentialAction":[{"@type":"SearchAction","target":{"@type":"EntryPoint","urlTemplate":"https:\/\/www.deyel.com\/pt-br\/?s={search_term_string}"},"query-input":{"@type":"PropertyValueSpecification","valueRequired":true,"valueName":"search_term_string"}}],"inLanguage":"pt-BR"},{"@type":"Organization","@id":"https:\/\/www.deyel.com\/pt-br\/#organization","name":"Optaris","url":"https:\/\/www.deyel.com\/pt-br\/","logo":{"@type":"ImageObject","inLanguage":"pt-BR","@id":"https:\/\/www.deyel.com\/pt-br\/#\/schema\/logo\/image\/","url":"https:\/\/www.deyel.com\/wp-content\/uploads\/2022\/01\/optaris-logo.png","contentUrl":"https:\/\/www.deyel.com\/wp-content\/uploads\/2022\/01\/optaris-logo.png","width":800,"height":164,"caption":"Optaris"},"image":{"@id":"https:\/\/www.deyel.com\/pt-br\/#\/schema\/logo\/image\/"},"sameAs":["https:\/\/www.facebook.com\/deyelplatform","https:\/\/x.com\/deyelplatform","https:\/\/www.linkedin.com\/showcase\/deyel\/","https:\/\/www.youtube.com\/channel\/UCaYPJCvwQKSStOCJ-caxRqQ"]}]}},"_links":{"self":[{"href":"https:\/\/www.deyel.com\/pt-br\/wp-json\/wp\/v2\/pages\/33566","targetHints":{"allow":["GET"]}}],"collection":[{"href":"https:\/\/www.deyel.com\/pt-br\/wp-json\/wp\/v2\/pages"}],"about":[{"href":"https:\/\/www.deyel.com\/pt-br\/wp-json\/wp\/v2\/types\/page"}],"author":[{"embeddable":true,"href":"https:\/\/www.deyel.com\/pt-br\/wp-json\/wp\/v2\/users\/110"}],"replies":[{"embeddable":true,"href":"https:\/\/www.deyel.com\/pt-br\/wp-json\/wp\/v2\/comments?post=33566"}],"version-history":[{"count":0,"href":"https:\/\/www.deyel.com\/pt-br\/wp-json\/wp\/v2\/pages\/33566\/revisions"}],"wp:attachment":[{"href":"https:\/\/www.deyel.com\/pt-br\/wp-json\/wp\/v2\/media?parent=33566"}],"curies":[{"name":"wp","href":"https:\/\/api.w.org\/{rel}","templated":true}]}}