{"id":4513,"date":"2019-06-13T15:35:32","date_gmt":"2019-06-13T15:35:32","guid":{"rendered":"https:\/\/deyelstage.wpenginepowered.com\/?page_id=4513"},"modified":"2024-07-19T19:35:30","modified_gmt":"2024-07-19T22:35:30","slug":"fase-1-introduccion-a-deyel","status":"publish","type":"page","link":"https:\/\/www.deyel.com\/en\/capacitacion-fases\/fase-1-introduccion-a-deyel\/","title":{"rendered":"Fase 1: Introducci\u00f3n a Deyel"},"content":{"rendered":"","protected":false},"excerpt":{"rendered":"","protected":false},"author":312,"featured_media":0,"parent":15139,"menu_order":0,"comment_status":"closed","ping_status":"closed","template":"","meta":{"footnotes":""},"class_list":["post-4513","page","type-page","status-publish","hentry"],"acf":[],"yoast_head":"<!-- This site is optimized with the Yoast SEO plugin v27.1.1 - https:\/\/yoast.com\/product\/yoast-seo-wordpress\/ -->\n<title>Deyel - Fase 1: Introducci\u00f3n a Deyel<\/title>\n<meta name=\"description\" content=\"Con Deyel se pueden obtener aplicaciones complejas muy r\u00e1pidamente, codificando muy poco y aplicaciones sencillas sin codificar ni una l\u00ednea. En la fase de introducci\u00f3n a Deyel recorrer\u00e1 los pasos que le permitir\u00e1n desarrollar su primera aplicaci\u00f3n utilizando los principales componentes de la plataforma, entre los que se encuentran, el modelador agil, el de procesos, el de formularios, el asistente de reglas, plantillas de formularios y procesos, la plataforma de colaboraci\u00f3n, las herramientas de monitoreo, etc.\" \/>\n<meta name=\"robots\" content=\"index, follow, max-snippet:-1, max-image-preview:large, max-video-preview:-1\" \/>\n<link rel=\"canonical\" href=\"https:\/\/www.deyel.com\/en\/capacitacion-fases\/fase-1-introduccion-a-deyel\/\" \/>\n<meta property=\"og:locale\" content=\"en_US\" \/>\n<meta property=\"og:type\" content=\"article\" \/>\n<meta property=\"og:title\" content=\"Deyel - Fase 1: Introducci\u00f3n a Deyel\" \/>\n<meta property=\"og:description\" content=\"Con Deyel se pueden obtener aplicaciones complejas muy r\u00e1pidamente, codificando muy poco y aplicaciones sencillas sin codificar ni una l\u00ednea. En la fase de introducci\u00f3n a Deyel recorrer\u00e1 los pasos que le permitir\u00e1n desarrollar su primera aplicaci\u00f3n utilizando los principales componentes de la plataforma, entre los que se encuentran, el modelador agil, el de procesos, el de formularios, el asistente de reglas, plantillas de formularios y procesos, la plataforma de colaboraci\u00f3n, las herramientas de monitoreo, etc.\" \/>\n<meta property=\"og:url\" content=\"https:\/\/www.deyel.com\/en\/capacitacion-fases\/fase-1-introduccion-a-deyel\/\" \/>\n<meta property=\"og:site_name\" content=\"Deyel\" \/>\n<meta property=\"article:publisher\" content=\"https:\/\/www.facebook.com\/deyelplatform\" \/>\n<meta property=\"article:modified_time\" content=\"2024-07-19T22:35:30+00:00\" \/>\n<meta name=\"twitter:card\" content=\"summary_large_image\" \/>\n<meta name=\"twitter:site\" content=\"@deyelplatform\" \/>\n<script type=\"application\/ld+json\" class=\"yoast-schema-graph\">{\"@context\":\"https:\/\/schema.org\",\"@graph\":[{\"@type\":\"WebPage\",\"@id\":\"https:\/\/www.deyel.com\/en\/capacitacion-fases\/fase-1-introduccion-a-deyel\/\",\"url\":\"https:\/\/www.deyel.com\/en\/capacitacion-fases\/fase-1-introduccion-a-deyel\/\",\"name\":\"Deyel - Fase 1: Introducci\u00f3n a Deyel\",\"isPartOf\":{\"@id\":\"https:\/\/www.deyel.com\/en\/#website\"},\"datePublished\":\"2019-06-13T15:35:32+00:00\",\"dateModified\":\"2024-07-19T22:35:30+00:00\",\"description\":\"Con Deyel se pueden obtener aplicaciones complejas muy r\u00e1pidamente, codificando muy poco y aplicaciones sencillas sin codificar ni una l\u00ednea. En la fase de introducci\u00f3n a Deyel recorrer\u00e1 los pasos que le permitir\u00e1n desarrollar su primera aplicaci\u00f3n utilizando los principales componentes de la plataforma, entre los que se encuentran, el modelador agil, el de procesos, el de formularios, el asistente de reglas, plantillas de formularios y procesos, la plataforma de colaboraci\u00f3n, las herramientas de monitoreo, etc.\",\"breadcrumb\":{\"@id\":\"https:\/\/www.deyel.com\/en\/capacitacion-fases\/fase-1-introduccion-a-deyel\/#breadcrumb\"},\"inLanguage\":\"en-US\",\"potentialAction\":[{\"@type\":\"ReadAction\",\"target\":[\"https:\/\/www.deyel.com\/en\/capacitacion-fases\/fase-1-introduccion-a-deyel\/\"]}]},{\"@type\":\"BreadcrumbList\",\"@id\":\"https:\/\/www.deyel.com\/en\/capacitacion-fases\/fase-1-introduccion-a-deyel\/#breadcrumb\",\"itemListElement\":[{\"@type\":\"ListItem\",\"position\":1,\"name\":\"Home\",\"item\":\"https:\/\/www.deyel.com\/en\/\"},{\"@type\":\"ListItem\",\"position\":2,\"name\":\"Capacitaci\u00f3n &#8211; Fases\",\"item\":\"https:\/\/www.deyel.com\/en\/capacitacion-fases\/\"},{\"@type\":\"ListItem\",\"position\":3,\"name\":\"Fase 1: Introducci\u00f3n a Deyel\"}]},{\"@type\":\"WebSite\",\"@id\":\"https:\/\/www.deyel.com\/en\/#website\",\"url\":\"https:\/\/www.deyel.com\/en\/\",\"name\":\"Deyel\",\"description\":\"Deyel es una Low Code application platform (Lcap\/NoCap) que te permite construir tus aplicaciones en un entorno seguro.\",\"publisher\":{\"@id\":\"https:\/\/www.deyel.com\/en\/#organization\"},\"potentialAction\":[{\"@type\":\"SearchAction\",\"target\":{\"@type\":\"EntryPoint\",\"urlTemplate\":\"https:\/\/www.deyel.com\/en\/?s={search_term_string}\"},\"query-input\":{\"@type\":\"PropertyValueSpecification\",\"valueRequired\":true,\"valueName\":\"search_term_string\"}}],\"inLanguage\":\"en-US\"},{\"@type\":\"Organization\",\"@id\":\"https:\/\/www.deyel.com\/en\/#organization\",\"name\":\"Optaris\",\"url\":\"https:\/\/www.deyel.com\/en\/\",\"logo\":{\"@type\":\"ImageObject\",\"inLanguage\":\"en-US\",\"@id\":\"https:\/\/www.deyel.com\/en\/#\/schema\/logo\/image\/\",\"url\":\"https:\/\/www.deyel.com\/wp-content\/uploads\/2022\/01\/optaris-logo.png\",\"contentUrl\":\"https:\/\/www.deyel.com\/wp-content\/uploads\/2022\/01\/optaris-logo.png\",\"width\":800,\"height\":164,\"caption\":\"Optaris\"},\"image\":{\"@id\":\"https:\/\/www.deyel.com\/en\/#\/schema\/logo\/image\/\"},\"sameAs\":[\"https:\/\/www.facebook.com\/deyelplatform\",\"https:\/\/x.com\/deyelplatform\",\"https:\/\/www.linkedin.com\/showcase\/deyel\/\",\"https:\/\/www.youtube.com\/channel\/UCaYPJCvwQKSStOCJ-caxRqQ\"]}]}<\/script>\n<!-- \/ Yoast SEO plugin. -->","yoast_head_json":{"title":"Deyel - Fase 1: Introducci\u00f3n a Deyel","description":"Con Deyel se pueden obtener aplicaciones complejas muy r\u00e1pidamente, codificando muy poco y aplicaciones sencillas sin codificar ni una l\u00ednea. En la fase de introducci\u00f3n a Deyel recorrer\u00e1 los pasos que le permitir\u00e1n desarrollar su primera aplicaci\u00f3n utilizando los principales componentes de la plataforma, entre los que se encuentran, el modelador agil, el de procesos, el de formularios, el asistente de reglas, plantillas de formularios y procesos, la plataforma de colaboraci\u00f3n, las herramientas de monitoreo, etc.","robots":{"index":"index","follow":"follow","max-snippet":"max-snippet:-1","max-image-preview":"max-image-preview:large","max-video-preview":"max-video-preview:-1"},"canonical":"https:\/\/www.deyel.com\/en\/capacitacion-fases\/fase-1-introduccion-a-deyel\/","og_locale":"en_US","og_type":"article","og_title":"Deyel - Fase 1: Introducci\u00f3n a Deyel","og_description":"Con Deyel se pueden obtener aplicaciones complejas muy r\u00e1pidamente, codificando muy poco y aplicaciones sencillas sin codificar ni una l\u00ednea. En la fase de introducci\u00f3n a Deyel recorrer\u00e1 los pasos que le permitir\u00e1n desarrollar su primera aplicaci\u00f3n utilizando los principales componentes de la plataforma, entre los que se encuentran, el modelador agil, el de procesos, el de formularios, el asistente de reglas, plantillas de formularios y procesos, la plataforma de colaboraci\u00f3n, las herramientas de monitoreo, etc.","og_url":"https:\/\/www.deyel.com\/en\/capacitacion-fases\/fase-1-introduccion-a-deyel\/","og_site_name":"Deyel","article_publisher":"https:\/\/www.facebook.com\/deyelplatform","article_modified_time":"2024-07-19T22:35:30+00:00","twitter_card":"summary_large_image","twitter_site":"@deyelplatform","schema":{"@context":"https:\/\/schema.org","@graph":[{"@type":"WebPage","@id":"https:\/\/www.deyel.com\/en\/capacitacion-fases\/fase-1-introduccion-a-deyel\/","url":"https:\/\/www.deyel.com\/en\/capacitacion-fases\/fase-1-introduccion-a-deyel\/","name":"Deyel - Fase 1: Introducci\u00f3n a Deyel","isPartOf":{"@id":"https:\/\/www.deyel.com\/en\/#website"},"datePublished":"2019-06-13T15:35:32+00:00","dateModified":"2024-07-19T22:35:30+00:00","description":"Con Deyel se pueden obtener aplicaciones complejas muy r\u00e1pidamente, codificando muy poco y aplicaciones sencillas sin codificar ni una l\u00ednea. En la fase de introducci\u00f3n a Deyel recorrer\u00e1 los pasos que le permitir\u00e1n desarrollar su primera aplicaci\u00f3n utilizando los principales componentes de la plataforma, entre los que se encuentran, el modelador agil, el de procesos, el de formularios, el asistente de reglas, plantillas de formularios y procesos, la plataforma de colaboraci\u00f3n, las herramientas de monitoreo, etc.","breadcrumb":{"@id":"https:\/\/www.deyel.com\/en\/capacitacion-fases\/fase-1-introduccion-a-deyel\/#breadcrumb"},"inLanguage":"en-US","potentialAction":[{"@type":"ReadAction","target":["https:\/\/www.deyel.com\/en\/capacitacion-fases\/fase-1-introduccion-a-deyel\/"]}]},{"@type":"BreadcrumbList","@id":"https:\/\/www.deyel.com\/en\/capacitacion-fases\/fase-1-introduccion-a-deyel\/#breadcrumb","itemListElement":[{"@type":"ListItem","position":1,"name":"Home","item":"https:\/\/www.deyel.com\/en\/"},{"@type":"ListItem","position":2,"name":"Capacitaci\u00f3n &#8211; Fases","item":"https:\/\/www.deyel.com\/en\/capacitacion-fases\/"},{"@type":"ListItem","position":3,"name":"Fase 1: Introducci\u00f3n a Deyel"}]},{"@type":"WebSite","@id":"https:\/\/www.deyel.com\/en\/#website","url":"https:\/\/www.deyel.com\/en\/","name":"Deyel","description":"Deyel es una Low Code application platform (Lcap\/NoCap) que te permite construir tus aplicaciones en un entorno seguro.","publisher":{"@id":"https:\/\/www.deyel.com\/en\/#organization"},"potentialAction":[{"@type":"SearchAction","target":{"@type":"EntryPoint","urlTemplate":"https:\/\/www.deyel.com\/en\/?s={search_term_string}"},"query-input":{"@type":"PropertyValueSpecification","valueRequired":true,"valueName":"search_term_string"}}],"inLanguage":"en-US"},{"@type":"Organization","@id":"https:\/\/www.deyel.com\/en\/#organization","name":"Optaris","url":"https:\/\/www.deyel.com\/en\/","logo":{"@type":"ImageObject","inLanguage":"en-US","@id":"https:\/\/www.deyel.com\/en\/#\/schema\/logo\/image\/","url":"https:\/\/www.deyel.com\/wp-content\/uploads\/2022\/01\/optaris-logo.png","contentUrl":"https:\/\/www.deyel.com\/wp-content\/uploads\/2022\/01\/optaris-logo.png","width":800,"height":164,"caption":"Optaris"},"image":{"@id":"https:\/\/www.deyel.com\/en\/#\/schema\/logo\/image\/"},"sameAs":["https:\/\/www.facebook.com\/deyelplatform","https:\/\/x.com\/deyelplatform","https:\/\/www.linkedin.com\/showcase\/deyel\/","https:\/\/www.youtube.com\/channel\/UCaYPJCvwQKSStOCJ-caxRqQ"]}]}},"_links":{"self":[{"href":"https:\/\/www.deyel.com\/en\/wp-json\/wp\/v2\/pages\/4513","targetHints":{"allow":["GET"]}}],"collection":[{"href":"https:\/\/www.deyel.com\/en\/wp-json\/wp\/v2\/pages"}],"about":[{"href":"https:\/\/www.deyel.com\/en\/wp-json\/wp\/v2\/types\/page"}],"author":[{"embeddable":true,"href":"https:\/\/www.deyel.com\/en\/wp-json\/wp\/v2\/users\/312"}],"replies":[{"embeddable":true,"href":"https:\/\/www.deyel.com\/en\/wp-json\/wp\/v2\/comments?post=4513"}],"version-history":[{"count":0,"href":"https:\/\/www.deyel.com\/en\/wp-json\/wp\/v2\/pages\/4513\/revisions"}],"up":[{"embeddable":true,"href":"https:\/\/www.deyel.com\/en\/wp-json\/wp\/v2\/pages\/15139"}],"wp:attachment":[{"href":"https:\/\/www.deyel.com\/en\/wp-json\/wp\/v2\/media?parent=4513"}],"curies":[{"name":"wp","href":"https:\/\/api.w.org\/{rel}","templated":true}]}}