{"id":18117,"date":"2020-09-01T19:52:21","date_gmt":"2020-09-01T19:52:21","guid":{"rendered":"https:\/\/deyelstage.wpenginepowered.com\/?page_id=18117"},"modified":"2024-07-19T19:36:27","modified_gmt":"2024-07-19T22:36:27","slug":"fase-6-automatizacion-e-integracion","status":"publish","type":"page","link":"https:\/\/www.deyel.com\/en\/capacitacion-fases\/fase-6-automatizacion-e-integracion\/","title":{"rendered":"Fase 6: Automatizaci\u00f3n e Integraci\u00f3n"},"content":{"rendered":"","protected":false},"excerpt":{"rendered":"","protected":false},"author":312,"featured_media":0,"parent":15139,"menu_order":0,"comment_status":"closed","ping_status":"closed","template":"","meta":{"footnotes":""},"class_list":["post-18117","page","type-page","status-publish","hentry"],"acf":[],"yoast_head":"<!-- This site is optimized with the Yoast SEO plugin v27.1.1 - https:\/\/yoast.com\/product\/yoast-seo-wordpress\/ -->\n<title>Deyel - Fase 6: Automatizaci\u00f3n e Integraci\u00f3n<\/title>\n<meta name=\"description\" content=\"En Deyel a trav\u00e9s de reglas de negocio se define el comportamiento de los procesos. Las reglas pueden ser usadas en validaciones, en l\u00f3gica de negocio espec\u00edfica, control de los flujos de procesos, integraci\u00f3n con otras aplicaciones, etc.\" \/>\n<meta name=\"robots\" content=\"index, follow, max-snippet:-1, max-image-preview:large, max-video-preview:-1\" \/>\n<link rel=\"canonical\" href=\"https:\/\/www.deyel.com\/en\/capacitacion-fases\/fase-6-automatizacion-e-integracion\/\" \/>\n<meta property=\"og:locale\" content=\"en_US\" \/>\n<meta property=\"og:type\" content=\"article\" \/>\n<meta property=\"og:title\" content=\"Deyel - Fase 6: Automatizaci\u00f3n e Integraci\u00f3n\" \/>\n<meta property=\"og:description\" content=\"En Deyel a trav\u00e9s de reglas de negocio se define el comportamiento de los procesos. Las reglas pueden ser usadas en validaciones, en l\u00f3gica de negocio espec\u00edfica, control de los flujos de procesos, integraci\u00f3n con otras aplicaciones, etc.\" \/>\n<meta property=\"og:url\" content=\"https:\/\/www.deyel.com\/en\/capacitacion-fases\/fase-6-automatizacion-e-integracion\/\" \/>\n<meta property=\"og:site_name\" content=\"Deyel\" \/>\n<meta property=\"article:publisher\" content=\"https:\/\/www.facebook.com\/deyelplatform\" \/>\n<meta property=\"article:modified_time\" content=\"2024-07-19T22:36:27+00:00\" \/>\n<meta name=\"twitter:card\" content=\"summary_large_image\" \/>\n<meta name=\"twitter:site\" content=\"@deyelplatform\" \/>\n<script type=\"application\/ld+json\" class=\"yoast-schema-graph\">{\"@context\":\"https:\/\/schema.org\",\"@graph\":[{\"@type\":\"WebPage\",\"@id\":\"https:\/\/www.deyel.com\/en\/capacitacion-fases\/fase-6-automatizacion-e-integracion\/\",\"url\":\"https:\/\/www.deyel.com\/en\/capacitacion-fases\/fase-6-automatizacion-e-integracion\/\",\"name\":\"Deyel - Fase 6: Automatizaci\u00f3n e Integraci\u00f3n\",\"isPartOf\":{\"@id\":\"https:\/\/www.deyel.com\/en\/#website\"},\"datePublished\":\"2020-09-01T19:52:21+00:00\",\"dateModified\":\"2024-07-19T22:36:27+00:00\",\"description\":\"En Deyel a trav\u00e9s de reglas de negocio se define el comportamiento de los procesos. Las reglas pueden ser usadas en validaciones, en l\u00f3gica de negocio espec\u00edfica, control de los flujos de procesos, integraci\u00f3n con otras aplicaciones, etc.\",\"breadcrumb\":{\"@id\":\"https:\/\/www.deyel.com\/en\/capacitacion-fases\/fase-6-automatizacion-e-integracion\/#breadcrumb\"},\"inLanguage\":\"en-US\",\"potentialAction\":[{\"@type\":\"ReadAction\",\"target\":[\"https:\/\/www.deyel.com\/en\/capacitacion-fases\/fase-6-automatizacion-e-integracion\/\"]}]},{\"@type\":\"BreadcrumbList\",\"@id\":\"https:\/\/www.deyel.com\/en\/capacitacion-fases\/fase-6-automatizacion-e-integracion\/#breadcrumb\",\"itemListElement\":[{\"@type\":\"ListItem\",\"position\":1,\"name\":\"Home\",\"item\":\"https:\/\/www.deyel.com\/en\/\"},{\"@type\":\"ListItem\",\"position\":2,\"name\":\"Capacitaci\u00f3n &#8211; Fases\",\"item\":\"https:\/\/www.deyel.com\/en\/capacitacion-fases\/\"},{\"@type\":\"ListItem\",\"position\":3,\"name\":\"Fase 6: Automatizaci\u00f3n e Integraci\u00f3n\"}]},{\"@type\":\"WebSite\",\"@id\":\"https:\/\/www.deyel.com\/en\/#website\",\"url\":\"https:\/\/www.deyel.com\/en\/\",\"name\":\"Deyel\",\"description\":\"Deyel es una Low Code application platform (Lcap\/NoCap) que te permite construir tus aplicaciones en un entorno seguro.\",\"publisher\":{\"@id\":\"https:\/\/www.deyel.com\/en\/#organization\"},\"potentialAction\":[{\"@type\":\"SearchAction\",\"target\":{\"@type\":\"EntryPoint\",\"urlTemplate\":\"https:\/\/www.deyel.com\/en\/?s={search_term_string}\"},\"query-input\":{\"@type\":\"PropertyValueSpecification\",\"valueRequired\":true,\"valueName\":\"search_term_string\"}}],\"inLanguage\":\"en-US\"},{\"@type\":\"Organization\",\"@id\":\"https:\/\/www.deyel.com\/en\/#organization\",\"name\":\"Optaris\",\"url\":\"https:\/\/www.deyel.com\/en\/\",\"logo\":{\"@type\":\"ImageObject\",\"inLanguage\":\"en-US\",\"@id\":\"https:\/\/www.deyel.com\/en\/#\/schema\/logo\/image\/\",\"url\":\"https:\/\/www.deyel.com\/wp-content\/uploads\/2022\/01\/optaris-logo.png\",\"contentUrl\":\"https:\/\/www.deyel.com\/wp-content\/uploads\/2022\/01\/optaris-logo.png\",\"width\":800,\"height\":164,\"caption\":\"Optaris\"},\"image\":{\"@id\":\"https:\/\/www.deyel.com\/en\/#\/schema\/logo\/image\/\"},\"sameAs\":[\"https:\/\/www.facebook.com\/deyelplatform\",\"https:\/\/x.com\/deyelplatform\",\"https:\/\/www.linkedin.com\/showcase\/deyel\/\",\"https:\/\/www.youtube.com\/channel\/UCaYPJCvwQKSStOCJ-caxRqQ\"]}]}<\/script>\n<!-- \/ Yoast SEO plugin. -->","yoast_head_json":{"title":"Deyel - Fase 6: Automatizaci\u00f3n e Integraci\u00f3n","description":"En Deyel a trav\u00e9s de reglas de negocio se define el comportamiento de los procesos. Las reglas pueden ser usadas en validaciones, en l\u00f3gica de negocio espec\u00edfica, control de los flujos de procesos, integraci\u00f3n con otras aplicaciones, etc.","robots":{"index":"index","follow":"follow","max-snippet":"max-snippet:-1","max-image-preview":"max-image-preview:large","max-video-preview":"max-video-preview:-1"},"canonical":"https:\/\/www.deyel.com\/en\/capacitacion-fases\/fase-6-automatizacion-e-integracion\/","og_locale":"en_US","og_type":"article","og_title":"Deyel - Fase 6: Automatizaci\u00f3n e Integraci\u00f3n","og_description":"En Deyel a trav\u00e9s de reglas de negocio se define el comportamiento de los procesos. Las reglas pueden ser usadas en validaciones, en l\u00f3gica de negocio espec\u00edfica, control de los flujos de procesos, integraci\u00f3n con otras aplicaciones, etc.","og_url":"https:\/\/www.deyel.com\/en\/capacitacion-fases\/fase-6-automatizacion-e-integracion\/","og_site_name":"Deyel","article_publisher":"https:\/\/www.facebook.com\/deyelplatform","article_modified_time":"2024-07-19T22:36:27+00:00","twitter_card":"summary_large_image","twitter_site":"@deyelplatform","schema":{"@context":"https:\/\/schema.org","@graph":[{"@type":"WebPage","@id":"https:\/\/www.deyel.com\/en\/capacitacion-fases\/fase-6-automatizacion-e-integracion\/","url":"https:\/\/www.deyel.com\/en\/capacitacion-fases\/fase-6-automatizacion-e-integracion\/","name":"Deyel - Fase 6: Automatizaci\u00f3n e Integraci\u00f3n","isPartOf":{"@id":"https:\/\/www.deyel.com\/en\/#website"},"datePublished":"2020-09-01T19:52:21+00:00","dateModified":"2024-07-19T22:36:27+00:00","description":"En Deyel a trav\u00e9s de reglas de negocio se define el comportamiento de los procesos. Las reglas pueden ser usadas en validaciones, en l\u00f3gica de negocio espec\u00edfica, control de los flujos de procesos, integraci\u00f3n con otras aplicaciones, etc.","breadcrumb":{"@id":"https:\/\/www.deyel.com\/en\/capacitacion-fases\/fase-6-automatizacion-e-integracion\/#breadcrumb"},"inLanguage":"en-US","potentialAction":[{"@type":"ReadAction","target":["https:\/\/www.deyel.com\/en\/capacitacion-fases\/fase-6-automatizacion-e-integracion\/"]}]},{"@type":"BreadcrumbList","@id":"https:\/\/www.deyel.com\/en\/capacitacion-fases\/fase-6-automatizacion-e-integracion\/#breadcrumb","itemListElement":[{"@type":"ListItem","position":1,"name":"Home","item":"https:\/\/www.deyel.com\/en\/"},{"@type":"ListItem","position":2,"name":"Capacitaci\u00f3n &#8211; Fases","item":"https:\/\/www.deyel.com\/en\/capacitacion-fases\/"},{"@type":"ListItem","position":3,"name":"Fase 6: Automatizaci\u00f3n e Integraci\u00f3n"}]},{"@type":"WebSite","@id":"https:\/\/www.deyel.com\/en\/#website","url":"https:\/\/www.deyel.com\/en\/","name":"Deyel","description":"Deyel es una Low Code application platform (Lcap\/NoCap) que te permite construir tus aplicaciones en un entorno seguro.","publisher":{"@id":"https:\/\/www.deyel.com\/en\/#organization"},"potentialAction":[{"@type":"SearchAction","target":{"@type":"EntryPoint","urlTemplate":"https:\/\/www.deyel.com\/en\/?s={search_term_string}"},"query-input":{"@type":"PropertyValueSpecification","valueRequired":true,"valueName":"search_term_string"}}],"inLanguage":"en-US"},{"@type":"Organization","@id":"https:\/\/www.deyel.com\/en\/#organization","name":"Optaris","url":"https:\/\/www.deyel.com\/en\/","logo":{"@type":"ImageObject","inLanguage":"en-US","@id":"https:\/\/www.deyel.com\/en\/#\/schema\/logo\/image\/","url":"https:\/\/www.deyel.com\/wp-content\/uploads\/2022\/01\/optaris-logo.png","contentUrl":"https:\/\/www.deyel.com\/wp-content\/uploads\/2022\/01\/optaris-logo.png","width":800,"height":164,"caption":"Optaris"},"image":{"@id":"https:\/\/www.deyel.com\/en\/#\/schema\/logo\/image\/"},"sameAs":["https:\/\/www.facebook.com\/deyelplatform","https:\/\/x.com\/deyelplatform","https:\/\/www.linkedin.com\/showcase\/deyel\/","https:\/\/www.youtube.com\/channel\/UCaYPJCvwQKSStOCJ-caxRqQ"]}]}},"_links":{"self":[{"href":"https:\/\/www.deyel.com\/en\/wp-json\/wp\/v2\/pages\/18117","targetHints":{"allow":["GET"]}}],"collection":[{"href":"https:\/\/www.deyel.com\/en\/wp-json\/wp\/v2\/pages"}],"about":[{"href":"https:\/\/www.deyel.com\/en\/wp-json\/wp\/v2\/types\/page"}],"author":[{"embeddable":true,"href":"https:\/\/www.deyel.com\/en\/wp-json\/wp\/v2\/users\/312"}],"replies":[{"embeddable":true,"href":"https:\/\/www.deyel.com\/en\/wp-json\/wp\/v2\/comments?post=18117"}],"version-history":[{"count":0,"href":"https:\/\/www.deyel.com\/en\/wp-json\/wp\/v2\/pages\/18117\/revisions"}],"up":[{"embeddable":true,"href":"https:\/\/www.deyel.com\/en\/wp-json\/wp\/v2\/pages\/15139"}],"wp:attachment":[{"href":"https:\/\/www.deyel.com\/en\/wp-json\/wp\/v2\/media?parent=18117"}],"curies":[{"name":"wp","href":"https:\/\/api.w.org\/{rel}","templated":true}]}}